{"id":3701,"date":"2022-05-03T17:32:25","date_gmt":"2022-05-03T15:32:25","guid":{"rendered":"https:\/\/linoexpress.com\/cz\/?post_type=product&#038;p=3701"},"modified":"2025-12-08T19:30:05","modified_gmt":"2025-12-08T18:30:05","slug":"montessori-ticha-knizka-pro-deti-smartbook","status":"publish","type":"product","link":"https:\/\/linoexpress.com\/cz\/produkt\/montessori-ticha-knizka-pro-deti-smartbook\/","title":{"rendered":"Montessori tich\u00e1 kn\u00ed\u017eka pro d\u011bti &#8211; SmartBook"},"content":{"rendered":"<p>Knihy podle Montessori principu pro rozvoj d\u011bt\u00ed, jejich dovednost\u00ed, smysl\u016f a p\u0159edstavivosti pot\u011b\u0161\u00ed ka\u017ed\u00e9 d\u00edt\u011b a usnadn\u00ed mu u\u010den\u00ed hrou.<\/p>\n","protected":false},"excerpt":{"rendered":"<p>Knihy podle Montessori principu pro rozvoj d\u011bt\u00ed, jejich dovednost\u00ed, smysl\u016f a p\u0159edstavivosti pot\u011b\u0161\u00ed ka\u017ed\u00e9 d\u00edt\u011b a usnadn\u00ed mu u\u010den\u00ed hrou.<\/p>\n","protected":false},"featured_media":13032,"comment_status":"closed","ping_status":"closed","template":"","meta":{"inline_featured_image":false},"product_brand":[],"product_cat":[15,35],"product_tag":[],"class_list":{"0":"post-3701","1":"product","2":"type-product","3":"status-publish","4":"has-post-thumbnail","6":"product_cat-uncategorized","7":"product_cat-fun","9":"first","10":"instock","11":"sale","12":"taxable","13":"shipping-taxable","14":"purchasable","15":"product-type-variable"},"acf":[],"_links":{"self":[{"href":"https:\/\/linoexpress.com\/cz\/wp-json\/wp\/v2\/product\/3701","targetHints":{"allow":["GET"]}}],"collection":[{"href":"https:\/\/linoexpress.com\/cz\/wp-json\/wp\/v2\/product"}],"about":[{"href":"https:\/\/linoexpress.com\/cz\/wp-json\/wp\/v2\/types\/product"}],"replies":[{"embeddable":true,"href":"https:\/\/linoexpress.com\/cz\/wp-json\/wp\/v2\/comments?post=3701"}],"wp:featuredmedia":[{"embeddable":true,"href":"https:\/\/linoexpress.com\/cz\/wp-json\/wp\/v2\/media\/13032"}],"wp:attachment":[{"href":"https:\/\/linoexpress.com\/cz\/wp-json\/wp\/v2\/media?parent=3701"}],"wp:term":[{"taxonomy":"product_brand","embeddable":true,"href":"https:\/\/linoexpress.com\/cz\/wp-json\/wp\/v2\/product_brand?post=3701"},{"taxonomy":"product_cat","embeddable":true,"href":"https:\/\/linoexpress.com\/cz\/wp-json\/wp\/v2\/product_cat?post=3701"},{"taxonomy":"product_tag","embeddable":true,"href":"https:\/\/linoexpress.com\/cz\/wp-json\/wp\/v2\/product_tag?post=3701"}],"curies":[{"name":"wp","href":"https:\/\/api.w.org\/{rel}","templated":true}]}}