{"id":4058,"date":"2022-06-15T12:51:29","date_gmt":"2022-06-15T10:51:29","guid":{"rendered":"https:\/\/linoexpress.com\/cz\/?post_type=product&#038;p=4058"},"modified":"2024-06-19T11:55:14","modified_gmt":"2024-06-19T09:55:14","slug":"letni-pushup-podprsenka-bez-raminek","status":"publish","type":"product","link":"https:\/\/linoexpress.com\/cz\/produkt\/letni-pushup-podprsenka-bez-raminek\/","title":{"rendered":"Letn\u00ed PushUp podprsenka bez ram\u00ednek"},"content":{"rendered":"","protected":false},"excerpt":{"rendered":"<p>Zvedn\u011bte sv\u00e1 \u0148adra pro velkolep\u00fd vzhled s hlub\u0161\u00edm v\u00fdst\u0159ihem p\u0159i jak\u00e9koli p\u0159\u00edle\u017eitosti a kombinaci. Tato PushUp podprsenka bez ram\u00ednek z\u016fstane skryt\u00e1 pod jak\u00fdmkoli oble\u010den\u00edm.<\/p>\n<ul>\n<li>A-B \u2013 vhodn\u00e9 pro ko\u0161 A\/B,<\/li>\n<li>C-D \u2013 vhodn\u00e9 pro ko\u0161 C\/D,<\/li>\n<li>E-F \u2013 vhodn\u00e9 pro ko\u0161 E\/F&#8220;<\/li>\n<\/ul>\n","protected":false},"featured_media":4061,"comment_status":"closed","ping_status":"closed","template":"","meta":{"inline_featured_image":false},"product_brand":[],"product_cat":[28,15],"product_tag":[],"class_list":{"0":"post-4058","1":"product","2":"type-product","3":"status-publish","4":"has-post-thumbnail","6":"product_cat-beauty","7":"product_cat-uncategorized","9":"first","10":"instock","11":"sale","12":"taxable","13":"shipping-taxable","14":"purchasable","15":"product-type-variable"},"acf":[],"_links":{"self":[{"href":"https:\/\/linoexpress.com\/cz\/wp-json\/wp\/v2\/product\/4058","targetHints":{"allow":["GET"]}}],"collection":[{"href":"https:\/\/linoexpress.com\/cz\/wp-json\/wp\/v2\/product"}],"about":[{"href":"https:\/\/linoexpress.com\/cz\/wp-json\/wp\/v2\/types\/product"}],"replies":[{"embeddable":true,"href":"https:\/\/linoexpress.com\/cz\/wp-json\/wp\/v2\/comments?post=4058"}],"wp:featuredmedia":[{"embeddable":true,"href":"https:\/\/linoexpress.com\/cz\/wp-json\/wp\/v2\/media\/4061"}],"wp:attachment":[{"href":"https:\/\/linoexpress.com\/cz\/wp-json\/wp\/v2\/media?parent=4058"}],"wp:term":[{"taxonomy":"product_brand","embeddable":true,"href":"https:\/\/linoexpress.com\/cz\/wp-json\/wp\/v2\/product_brand?post=4058"},{"taxonomy":"product_cat","embeddable":true,"href":"https:\/\/linoexpress.com\/cz\/wp-json\/wp\/v2\/product_cat?post=4058"},{"taxonomy":"product_tag","embeddable":true,"href":"https:\/\/linoexpress.com\/cz\/wp-json\/wp\/v2\/product_tag?post=4058"}],"curies":[{"name":"wp","href":"https:\/\/api.w.org\/{rel}","templated":true}]}}