{"id":4125,"date":"2022-06-21T16:28:30","date_gmt":"2022-06-21T14:28:30","guid":{"rendered":"https:\/\/linoexpress.com\/cz\/?post_type=product&#038;p=4125"},"modified":"2023-01-05T13:07:38","modified_gmt":"2023-01-05T12:07:38","slug":"cepice-k-odstraneni-bolesti-hlavy","status":"publish","type":"product","link":"https:\/\/linoexpress.com\/cz\/produkt\/cepice-k-odstraneni-bolesti-hlavy\/","title":{"rendered":"\u010cepice k odstran\u011bn\u00ed bolesti hlavy"},"content":{"rendered":"","protected":false},"excerpt":{"rendered":"<p>Zlep\u0161ete kvalitu sv\u00e9ho \u017eivota a zbavte se bolesti hlavy a stresu touto skv\u011blou \u010depic\u00ed k odstran\u011bn\u00ed bolesti hlavy<\/p>\n","protected":false},"featured_media":4132,"comment_status":"closed","ping_status":"closed","template":"","meta":{"inline_featured_image":false},"product_brand":[],"product_cat":[28,15,26],"product_tag":[],"class_list":{"0":"post-4125","1":"product","2":"type-product","3":"status-publish","4":"has-post-thumbnail","6":"product_cat-beauty","7":"product_cat-uncategorized","8":"product_cat-health","10":"first","11":"instock","12":"sale","13":"taxable","14":"shipping-taxable","15":"purchasable","16":"product-type-simple"},"acf":[],"_links":{"self":[{"href":"https:\/\/linoexpress.com\/cz\/wp-json\/wp\/v2\/product\/4125","targetHints":{"allow":["GET"]}}],"collection":[{"href":"https:\/\/linoexpress.com\/cz\/wp-json\/wp\/v2\/product"}],"about":[{"href":"https:\/\/linoexpress.com\/cz\/wp-json\/wp\/v2\/types\/product"}],"replies":[{"embeddable":true,"href":"https:\/\/linoexpress.com\/cz\/wp-json\/wp\/v2\/comments?post=4125"}],"wp:featuredmedia":[{"embeddable":true,"href":"https:\/\/linoexpress.com\/cz\/wp-json\/wp\/v2\/media\/4132"}],"wp:attachment":[{"href":"https:\/\/linoexpress.com\/cz\/wp-json\/wp\/v2\/media?parent=4125"}],"wp:term":[{"taxonomy":"product_brand","embeddable":true,"href":"https:\/\/linoexpress.com\/cz\/wp-json\/wp\/v2\/product_brand?post=4125"},{"taxonomy":"product_cat","embeddable":true,"href":"https:\/\/linoexpress.com\/cz\/wp-json\/wp\/v2\/product_cat?post=4125"},{"taxonomy":"product_tag","embeddable":true,"href":"https:\/\/linoexpress.com\/cz\/wp-json\/wp\/v2\/product_tag?post=4125"}],"curies":[{"name":"wp","href":"https:\/\/api.w.org\/{rel}","templated":true}]}}