{"id":553,"date":"2020-12-09T13:50:56","date_gmt":"2020-12-09T12:50:56","guid":{"rendered":"https:\/\/shopium.eu\/rs\/?post_type=product&#038;p=553"},"modified":"2021-04-07T15:18:52","modified_gmt":"2021-04-07T13:18:52","slug":"toenailcorrector","status":"publish","type":"product","link":"https:\/\/linoexpress.com\/cz\/produkt\/toenailcorrector\/","title":{"rendered":"N\u00e1plast\u00ed proti pl\u00edsn\u00ed a zarostl\u00fdch neht\u016f \u2013 ToenailCorrector (30 kus\u016f)"},"content":{"rendered":"<p>Dokonal\u00fd produkt ve form\u011b n\u00e1plasti, se kterou budete m\u00edt op\u011bt kr\u00e1sn\u00e9 a zdrav\u00e9 nehty a kter\u00fd v\u00e1s zbav\u00ed bolestiv\u00fdch a zarostl\u00fdch neht\u016f a tak\u00e9 bezpe\u010dn\u011b a snadno odstran\u00ed a zabr\u00e1n\u00ed tvorbu pl\u00edsn\u00ed.<\/p>\n","protected":false},"excerpt":{"rendered":"<p>Dokonal\u00fd produkt ve form\u011b n\u00e1plasti, se kterou budete m\u00edt op\u011bt kr\u00e1sn\u00e9 a zdrav\u00e9 nehty a kter\u00fd v\u00e1s zbav\u00ed bolestiv\u00fdch a zarostl\u00fdch neht\u016f a tak\u00e9 bezpe\u010dn\u011b a snadno odstran\u00ed a zabr\u00e1n\u00ed tvorbu pl\u00edsn\u00ed.<\/p>\n","protected":false},"featured_media":558,"comment_status":"closed","ping_status":"closed","template":"","meta":{"inline_featured_image":false},"product_brand":[],"product_cat":[24,15,26],"product_tag":[],"class_list":{"0":"post-553","1":"product","2":"type-product","3":"status-publish","4":"has-post-thumbnail","6":"product_cat-sale","7":"product_cat-uncategorized","8":"product_cat-health","10":"first","11":"instock","12":"sale","13":"taxable","14":"shipping-taxable","15":"purchasable","16":"product-type-simple"},"acf":[],"_links":{"self":[{"href":"https:\/\/linoexpress.com\/cz\/wp-json\/wp\/v2\/product\/553","targetHints":{"allow":["GET"]}}],"collection":[{"href":"https:\/\/linoexpress.com\/cz\/wp-json\/wp\/v2\/product"}],"about":[{"href":"https:\/\/linoexpress.com\/cz\/wp-json\/wp\/v2\/types\/product"}],"replies":[{"embeddable":true,"href":"https:\/\/linoexpress.com\/cz\/wp-json\/wp\/v2\/comments?post=553"}],"wp:featuredmedia":[{"embeddable":true,"href":"https:\/\/linoexpress.com\/cz\/wp-json\/wp\/v2\/media\/558"}],"wp:attachment":[{"href":"https:\/\/linoexpress.com\/cz\/wp-json\/wp\/v2\/media?parent=553"}],"wp:term":[{"taxonomy":"product_brand","embeddable":true,"href":"https:\/\/linoexpress.com\/cz\/wp-json\/wp\/v2\/product_brand?post=553"},{"taxonomy":"product_cat","embeddable":true,"href":"https:\/\/linoexpress.com\/cz\/wp-json\/wp\/v2\/product_cat?post=553"},{"taxonomy":"product_tag","embeddable":true,"href":"https:\/\/linoexpress.com\/cz\/wp-json\/wp\/v2\/product_tag?post=553"}],"curies":[{"name":"wp","href":"https:\/\/api.w.org\/{rel}","templated":true}]}}