{"id":5924,"date":"2022-09-28T15:11:23","date_gmt":"2022-09-28T13:11:23","guid":{"rendered":"https:\/\/linoexpress.com\/cz\/?post_type=product&#038;p=5924"},"modified":"2024-06-19T11:54:10","modified_gmt":"2024-06-19T09:54:10","slug":"sada-na-vyrobu-3d-figurek","status":"publish","type":"product","link":"https:\/\/linoexpress.com\/cz\/produkt\/sada-na-vyrobu-3d-figurek\/","title":{"rendered":"Sada na v\u00fdrobu 3D figurek"},"content":{"rendered":"","protected":false},"excerpt":{"rendered":"<p>DIY sada na v\u00fdrobu figurek je ide\u00e1ln\u00ed pro z\u00e1bavu a relaxaci. Tato zaj\u00edmav\u00e1 hra je relaxa\u010dn\u00ed a efektivn\u00ed. Velmi snadno se pou\u017e\u00edv\u00e1 a je ide\u00e1ln\u00edm n\u00e1strojem pro vyj\u00e1d\u0159en\u00ed kreativity.<\/p>\n","protected":false},"featured_media":5931,"comment_status":"closed","ping_status":"closed","template":"","meta":{"inline_featured_image":false},"product_brand":[],"product_cat":[15,35],"product_tag":[],"class_list":{"0":"post-5924","1":"product","2":"type-product","3":"status-publish","4":"has-post-thumbnail","6":"product_cat-uncategorized","7":"product_cat-fun","9":"first","10":"instock","11":"sale","12":"taxable","13":"shipping-taxable","14":"purchasable","15":"product-type-simple"},"acf":[],"_links":{"self":[{"href":"https:\/\/linoexpress.com\/cz\/wp-json\/wp\/v2\/product\/5924","targetHints":{"allow":["GET"]}}],"collection":[{"href":"https:\/\/linoexpress.com\/cz\/wp-json\/wp\/v2\/product"}],"about":[{"href":"https:\/\/linoexpress.com\/cz\/wp-json\/wp\/v2\/types\/product"}],"replies":[{"embeddable":true,"href":"https:\/\/linoexpress.com\/cz\/wp-json\/wp\/v2\/comments?post=5924"}],"wp:featuredmedia":[{"embeddable":true,"href":"https:\/\/linoexpress.com\/cz\/wp-json\/wp\/v2\/media\/5931"}],"wp:attachment":[{"href":"https:\/\/linoexpress.com\/cz\/wp-json\/wp\/v2\/media?parent=5924"}],"wp:term":[{"taxonomy":"product_brand","embeddable":true,"href":"https:\/\/linoexpress.com\/cz\/wp-json\/wp\/v2\/product_brand?post=5924"},{"taxonomy":"product_cat","embeddable":true,"href":"https:\/\/linoexpress.com\/cz\/wp-json\/wp\/v2\/product_cat?post=5924"},{"taxonomy":"product_tag","embeddable":true,"href":"https:\/\/linoexpress.com\/cz\/wp-json\/wp\/v2\/product_tag?post=5924"}],"curies":[{"name":"wp","href":"https:\/\/api.w.org\/{rel}","templated":true}]}}