{"id":5968,"date":"2022-09-29T12:48:07","date_gmt":"2022-09-29T10:48:07","guid":{"rendered":"https:\/\/linoexpress.com\/cz\/?post_type=product&#038;p=5968"},"modified":"2022-09-29T14:29:33","modified_gmt":"2022-09-29T12:29:33","slug":"rucni-elektricky-krajec-zeleniny-4-v-1","status":"publish","type":"product","link":"https:\/\/linoexpress.com\/cz\/produkt\/rucni-elektricky-krajec-zeleniny-4-v-1\/","title":{"rendered":"Ru\u010dn\u00ed elektrick\u00fd kr\u00e1je\u010d zeleniny 4 v 1"},"content":{"rendered":"","protected":false},"excerpt":{"rendered":"<p>Multifunk\u010dn\u00ed sada 4v1 pro kr\u00e1jen\u00ed ovoce, zeleniny, elektrick\u00fd kart\u00e1\u010d nebo ml\u00fdnek na maso. Pouze s jedn\u00edm produktem m\u016f\u017eete pracovat mnoha r\u016fzn\u00fdmi zp\u016fsoby.<\/p>\n","protected":false},"featured_media":5976,"comment_status":"closed","ping_status":"closed","template":"","meta":{"inline_featured_image":false},"product_brand":[],"product_cat":[27,15],"product_tag":[],"class_list":{"0":"post-5968","1":"product","2":"type-product","3":"status-publish","4":"has-post-thumbnail","6":"product_cat-home","7":"product_cat-uncategorized","9":"first","10":"instock","11":"sale","12":"taxable","13":"shipping-taxable","14":"purchasable","15":"product-type-simple"},"acf":[],"_links":{"self":[{"href":"https:\/\/linoexpress.com\/cz\/wp-json\/wp\/v2\/product\/5968","targetHints":{"allow":["GET"]}}],"collection":[{"href":"https:\/\/linoexpress.com\/cz\/wp-json\/wp\/v2\/product"}],"about":[{"href":"https:\/\/linoexpress.com\/cz\/wp-json\/wp\/v2\/types\/product"}],"replies":[{"embeddable":true,"href":"https:\/\/linoexpress.com\/cz\/wp-json\/wp\/v2\/comments?post=5968"}],"wp:featuredmedia":[{"embeddable":true,"href":"https:\/\/linoexpress.com\/cz\/wp-json\/wp\/v2\/media\/5976"}],"wp:attachment":[{"href":"https:\/\/linoexpress.com\/cz\/wp-json\/wp\/v2\/media?parent=5968"}],"wp:term":[{"taxonomy":"product_brand","embeddable":true,"href":"https:\/\/linoexpress.com\/cz\/wp-json\/wp\/v2\/product_brand?post=5968"},{"taxonomy":"product_cat","embeddable":true,"href":"https:\/\/linoexpress.com\/cz\/wp-json\/wp\/v2\/product_cat?post=5968"},{"taxonomy":"product_tag","embeddable":true,"href":"https:\/\/linoexpress.com\/cz\/wp-json\/wp\/v2\/product_tag?post=5968"}],"curies":[{"name":"wp","href":"https:\/\/api.w.org\/{rel}","templated":true}]}}