{"id":6630,"date":"2022-10-27T09:46:02","date_gmt":"2022-10-27T07:46:02","guid":{"rendered":"https:\/\/linoexpress.com\/cz\/?post_type=product&#038;p=6630"},"modified":"2022-11-08T13:23:07","modified_gmt":"2022-11-08T12:23:07","slug":"rezaci-nastavec-na-rezani-kovu","status":"publish","type":"product","link":"https:\/\/linoexpress.com\/cz\/produkt\/rezaci-nastavec-na-rezani-kovu\/","title":{"rendered":"\u0158ezac\u00ed n\u00e1stavec na \u0159ez\u00e1n\u00ed kov\u016f"},"content":{"rendered":"","protected":false},"excerpt":{"rendered":"<p>Vysok\u00e1 rychlost \u0159ez\u00e1n\u00ed a \u010dist\u00e9 a p\u0159esn\u00e9 \u0159ezy v\u00e1m umo\u017en\u00ed maxim\u00e1ln\u00ed efektivitu a p\u0159esnost. Dokonale se pohybuje v \u00fazk\u00fdch vzorech a roz\u00edch a poka\u017ed\u00e9 poskytuje optim\u00e1ln\u00ed st\u0159ih.<\/p>\n","protected":false},"featured_media":6634,"comment_status":"closed","ping_status":"closed","template":"","meta":{"inline_featured_image":false},"product_brand":[],"product_cat":[15],"product_tag":[],"class_list":{"0":"post-6630","1":"product","2":"type-product","3":"status-publish","4":"has-post-thumbnail","6":"product_cat-uncategorized","8":"first","9":"instock","10":"sale","11":"taxable","12":"shipping-taxable","13":"purchasable","14":"product-type-simple"},"acf":[],"_links":{"self":[{"href":"https:\/\/linoexpress.com\/cz\/wp-json\/wp\/v2\/product\/6630","targetHints":{"allow":["GET"]}}],"collection":[{"href":"https:\/\/linoexpress.com\/cz\/wp-json\/wp\/v2\/product"}],"about":[{"href":"https:\/\/linoexpress.com\/cz\/wp-json\/wp\/v2\/types\/product"}],"replies":[{"embeddable":true,"href":"https:\/\/linoexpress.com\/cz\/wp-json\/wp\/v2\/comments?post=6630"}],"wp:featuredmedia":[{"embeddable":true,"href":"https:\/\/linoexpress.com\/cz\/wp-json\/wp\/v2\/media\/6634"}],"wp:attachment":[{"href":"https:\/\/linoexpress.com\/cz\/wp-json\/wp\/v2\/media?parent=6630"}],"wp:term":[{"taxonomy":"product_brand","embeddable":true,"href":"https:\/\/linoexpress.com\/cz\/wp-json\/wp\/v2\/product_brand?post=6630"},{"taxonomy":"product_cat","embeddable":true,"href":"https:\/\/linoexpress.com\/cz\/wp-json\/wp\/v2\/product_cat?post=6630"},{"taxonomy":"product_tag","embeddable":true,"href":"https:\/\/linoexpress.com\/cz\/wp-json\/wp\/v2\/product_tag?post=6630"}],"curies":[{"name":"wp","href":"https:\/\/api.w.org\/{rel}","templated":true}]}}