{"id":7132,"date":"2022-11-10T09:03:03","date_gmt":"2022-11-10T08:03:03","guid":{"rendered":"https:\/\/linoexpress.com\/cz\/?post_type=product&#038;p=7132"},"modified":"2023-03-21T08:51:21","modified_gmt":"2023-03-21T07:51:21","slug":"rezaci-nastavec-na-rezani-kovu-2","status":"publish","type":"product","link":"https:\/\/linoexpress.com\/cz\/produkt\/rezaci-nastavec-na-rezani-kovu-2\/","title":{"rendered":"\u0158ezac\u00ed n\u00e1stavec na \u0159ez\u00e1n\u00ed kov\u016f"},"content":{"rendered":"","protected":false},"excerpt":{"rendered":"<p>Vysok\u00e1 rychlost \u0159ez\u00e1n\u00ed a \u010dist\u00e9 a p\u0159esn\u00e9 \u0159ezy v\u00e1m umo\u017en\u00ed maxim\u00e1ln\u00ed efektivitu a p\u0159esnost. Dokonale se pohybuje v \u00fazk\u00fdch vzorech a roz\u00edch a poka\u017ed\u00e9 poskytuje optim\u00e1ln\u00ed st\u0159ih.<\/p>\n","protected":false},"featured_media":7139,"comment_status":"closed","ping_status":"closed","template":"","meta":{"inline_featured_image":false},"product_brand":[],"product_cat":[27,15],"product_tag":[],"class_list":{"0":"post-7132","1":"product","2":"type-product","3":"status-publish","4":"has-post-thumbnail","6":"product_cat-home","7":"product_cat-uncategorized","9":"first","10":"instock","11":"sale","12":"taxable","13":"shipping-taxable","14":"purchasable","15":"product-type-simple"},"acf":[],"_links":{"self":[{"href":"https:\/\/linoexpress.com\/cz\/wp-json\/wp\/v2\/product\/7132","targetHints":{"allow":["GET"]}}],"collection":[{"href":"https:\/\/linoexpress.com\/cz\/wp-json\/wp\/v2\/product"}],"about":[{"href":"https:\/\/linoexpress.com\/cz\/wp-json\/wp\/v2\/types\/product"}],"replies":[{"embeddable":true,"href":"https:\/\/linoexpress.com\/cz\/wp-json\/wp\/v2\/comments?post=7132"}],"wp:featuredmedia":[{"embeddable":true,"href":"https:\/\/linoexpress.com\/cz\/wp-json\/wp\/v2\/media\/7139"}],"wp:attachment":[{"href":"https:\/\/linoexpress.com\/cz\/wp-json\/wp\/v2\/media?parent=7132"}],"wp:term":[{"taxonomy":"product_brand","embeddable":true,"href":"https:\/\/linoexpress.com\/cz\/wp-json\/wp\/v2\/product_brand?post=7132"},{"taxonomy":"product_cat","embeddable":true,"href":"https:\/\/linoexpress.com\/cz\/wp-json\/wp\/v2\/product_cat?post=7132"},{"taxonomy":"product_tag","embeddable":true,"href":"https:\/\/linoexpress.com\/cz\/wp-json\/wp\/v2\/product_tag?post=7132"}],"curies":[{"name":"wp","href":"https:\/\/api.w.org\/{rel}","templated":true}]}}