{"id":7387,"date":"2022-11-17T09:28:04","date_gmt":"2022-11-17T08:28:04","guid":{"rendered":"https:\/\/linoexpress.com\/cz\/?post_type=product&#038;p=7387"},"modified":"2025-10-07T10:07:51","modified_gmt":"2025-10-07T08:07:51","slug":"3d-obrazkove-pohadkove-knihy-2","status":"publish","type":"product","link":"https:\/\/linoexpress.com\/cz\/produkt\/3d-obrazkove-pohadkove-knihy-2\/","title":{"rendered":"3D obr\u00e1zkov\u00e9 poh\u00e1dkov\u00e9 knihy"},"content":{"rendered":"","protected":false},"excerpt":{"rendered":"<p>Kvalitn\u00ed 3D obr\u00e1zkov\u00e9 kn\u00ed\u017eky s va\u0161imi obl\u00edben\u00fdmi poh\u00e1dkami va\u0161e d\u011bti pot\u011b\u0161\u00ed a uvoln\u00ed. Nechte d\u011btskou fantazii u t\u011bchto skv\u011bl\u00fdch poh\u00e1dek b\u00fdt na vrcholu.<\/p>\n","protected":false},"featured_media":7395,"comment_status":"closed","ping_status":"closed","template":"","meta":{"inline_featured_image":false},"product_brand":[],"product_cat":[15,35],"product_tag":[],"class_list":{"0":"post-7387","1":"product","2":"type-product","3":"status-publish","4":"has-post-thumbnail","6":"product_cat-uncategorized","7":"product_cat-fun","9":"first","10":"instock","11":"sale","12":"taxable","13":"shipping-taxable","14":"purchasable","15":"product-type-simple"},"acf":[],"_links":{"self":[{"href":"https:\/\/linoexpress.com\/cz\/wp-json\/wp\/v2\/product\/7387","targetHints":{"allow":["GET"]}}],"collection":[{"href":"https:\/\/linoexpress.com\/cz\/wp-json\/wp\/v2\/product"}],"about":[{"href":"https:\/\/linoexpress.com\/cz\/wp-json\/wp\/v2\/types\/product"}],"replies":[{"embeddable":true,"href":"https:\/\/linoexpress.com\/cz\/wp-json\/wp\/v2\/comments?post=7387"}],"wp:featuredmedia":[{"embeddable":true,"href":"https:\/\/linoexpress.com\/cz\/wp-json\/wp\/v2\/media\/7395"}],"wp:attachment":[{"href":"https:\/\/linoexpress.com\/cz\/wp-json\/wp\/v2\/media?parent=7387"}],"wp:term":[{"taxonomy":"product_brand","embeddable":true,"href":"https:\/\/linoexpress.com\/cz\/wp-json\/wp\/v2\/product_brand?post=7387"},{"taxonomy":"product_cat","embeddable":true,"href":"https:\/\/linoexpress.com\/cz\/wp-json\/wp\/v2\/product_cat?post=7387"},{"taxonomy":"product_tag","embeddable":true,"href":"https:\/\/linoexpress.com\/cz\/wp-json\/wp\/v2\/product_tag?post=7387"}],"curies":[{"name":"wp","href":"https:\/\/api.w.org\/{rel}","templated":true}]}}