{"id":8670,"date":"2022-12-29T14:30:47","date_gmt":"2022-12-29T13:30:47","guid":{"rendered":"https:\/\/linoexpress.com\/cz\/?post_type=product&#038;p=8670"},"modified":"2022-12-29T14:35:38","modified_gmt":"2022-12-29T13:35:38","slug":"mega-nakladni-auto-s-vyhazovaci-zavodni-drahou-2v1","status":"publish","type":"product","link":"https:\/\/linoexpress.com\/cz\/produkt\/mega-nakladni-auto-s-vyhazovaci-zavodni-drahou-2v1\/","title":{"rendered":"Mega n\u00e1kladn\u00ed auto s vyhazovac\u00ed z\u00e1vodn\u00ed dr\u00e1hou 2v1"},"content":{"rendered":"","protected":false},"excerpt":{"rendered":"<p>Mega aut\u00ed\u010dko se skryt\u00fdmi dr\u00e1hami je perfektn\u00ed hra\u010dka pro va\u0161e bl\u00edzk\u00e9. Dokonal\u00e1 hra\u010dka pro kluky za v\u0161ech okolnost\u00ed.<\/p>\n<p>&nbsp;<\/p>\n","protected":false},"featured_media":8672,"comment_status":"closed","ping_status":"closed","template":"","meta":{"inline_featured_image":false},"product_brand":[],"product_cat":[15],"product_tag":[],"class_list":{"0":"post-8670","1":"product","2":"type-product","3":"status-publish","4":"has-post-thumbnail","6":"product_cat-uncategorized","8":"first","9":"instock","10":"sale","11":"taxable","12":"shipping-taxable","13":"purchasable","14":"product-type-simple"},"acf":[],"_links":{"self":[{"href":"https:\/\/linoexpress.com\/cz\/wp-json\/wp\/v2\/product\/8670","targetHints":{"allow":["GET"]}}],"collection":[{"href":"https:\/\/linoexpress.com\/cz\/wp-json\/wp\/v2\/product"}],"about":[{"href":"https:\/\/linoexpress.com\/cz\/wp-json\/wp\/v2\/types\/product"}],"replies":[{"embeddable":true,"href":"https:\/\/linoexpress.com\/cz\/wp-json\/wp\/v2\/comments?post=8670"}],"wp:featuredmedia":[{"embeddable":true,"href":"https:\/\/linoexpress.com\/cz\/wp-json\/wp\/v2\/media\/8672"}],"wp:attachment":[{"href":"https:\/\/linoexpress.com\/cz\/wp-json\/wp\/v2\/media?parent=8670"}],"wp:term":[{"taxonomy":"product_brand","embeddable":true,"href":"https:\/\/linoexpress.com\/cz\/wp-json\/wp\/v2\/product_brand?post=8670"},{"taxonomy":"product_cat","embeddable":true,"href":"https:\/\/linoexpress.com\/cz\/wp-json\/wp\/v2\/product_cat?post=8670"},{"taxonomy":"product_tag","embeddable":true,"href":"https:\/\/linoexpress.com\/cz\/wp-json\/wp\/v2\/product_tag?post=8670"}],"curies":[{"name":"wp","href":"https:\/\/api.w.org\/{rel}","templated":true}]}}