{"id":9172,"date":"2023-01-26T09:52:56","date_gmt":"2023-01-26T08:52:56","guid":{"rendered":"https:\/\/linoexpress.com\/cz\/?post_type=product&#038;p=9172"},"modified":"2023-01-30T09:26:11","modified_gmt":"2023-01-30T08:26:11","slug":"pristroj-pro-testovani-proudoveho-napeti","status":"publish","type":"product","link":"https:\/\/linoexpress.com\/cz\/produkt\/pristroj-pro-testovani-proudoveho-napeti\/","title":{"rendered":"P\u0159\u00edstroj pro testov\u00e1n\u00ed proudov\u00e9ho nap\u011bt\u00ed"},"content":{"rendered":"","protected":false},"excerpt":{"rendered":"<p>Rychle a snadno zkontrolujte obvody, pojistky. sp\u00edna\u010de a kabel\u00e1\u017e na autech, p\u0159\u00edv\u011bsech, motocyklech a dal\u0161\u00edch n\u00edzkonap\u011bt\u00b4ov\u00fdch syst\u00e9mech.<\/p>\n<p>&nbsp;<\/p>\n<p>&nbsp;<\/p>\n","protected":false},"featured_media":9174,"comment_status":"closed","ping_status":"closed","template":"","meta":{"inline_featured_image":false},"product_brand":[],"product_cat":[15],"product_tag":[],"class_list":{"0":"post-9172","1":"product","2":"type-product","3":"status-publish","4":"has-post-thumbnail","6":"product_cat-uncategorized","8":"first","9":"instock","10":"sale","11":"taxable","12":"shipping-taxable","13":"purchasable","14":"product-type-simple"},"acf":[],"_links":{"self":[{"href":"https:\/\/linoexpress.com\/cz\/wp-json\/wp\/v2\/product\/9172","targetHints":{"allow":["GET"]}}],"collection":[{"href":"https:\/\/linoexpress.com\/cz\/wp-json\/wp\/v2\/product"}],"about":[{"href":"https:\/\/linoexpress.com\/cz\/wp-json\/wp\/v2\/types\/product"}],"replies":[{"embeddable":true,"href":"https:\/\/linoexpress.com\/cz\/wp-json\/wp\/v2\/comments?post=9172"}],"wp:featuredmedia":[{"embeddable":true,"href":"https:\/\/linoexpress.com\/cz\/wp-json\/wp\/v2\/media\/9174"}],"wp:attachment":[{"href":"https:\/\/linoexpress.com\/cz\/wp-json\/wp\/v2\/media?parent=9172"}],"wp:term":[{"taxonomy":"product_brand","embeddable":true,"href":"https:\/\/linoexpress.com\/cz\/wp-json\/wp\/v2\/product_brand?post=9172"},{"taxonomy":"product_cat","embeddable":true,"href":"https:\/\/linoexpress.com\/cz\/wp-json\/wp\/v2\/product_cat?post=9172"},{"taxonomy":"product_tag","embeddable":true,"href":"https:\/\/linoexpress.com\/cz\/wp-json\/wp\/v2\/product_tag?post=9172"}],"curies":[{"name":"wp","href":"https:\/\/api.w.org\/{rel}","templated":true}]}}