{"id":9209,"date":"2023-01-26T12:06:07","date_gmt":"2023-01-26T11:06:07","guid":{"rendered":"https:\/\/linoexpress.com\/cz\/?post_type=product&#038;p=9209"},"modified":"2023-01-30T09:25:26","modified_gmt":"2023-01-30T08:25:26","slug":"profesionalni-pristroj-pro-trenink-predlokti","status":"publish","type":"product","link":"https:\/\/linoexpress.com\/cz\/produkt\/profesionalni-pristroj-pro-trenink-predlokti\/","title":{"rendered":"Profesion\u00e1ln\u00ed p\u0159\u00edstroj pro tr\u00e9nink p\u0159edlokt\u00ed"},"content":{"rendered":"","protected":false},"excerpt":{"rendered":"<p>Dos\u00e1hn\u011bte vynikaj\u00edc\u00edch v\u00fdsledk\u016f p\u0159i zlep\u0161ov\u00e1n\u00ed s\u00edly, prokrven\u00ed a rychlosti v kloubech a prstech.<\/p>\n<p>&nbsp;<\/p>\n<p>&nbsp;<\/p>\n<p>&nbsp;<\/p>\n<p>&nbsp;<\/p>\n","protected":false},"featured_media":9213,"comment_status":"closed","ping_status":"closed","template":"","meta":{"inline_featured_image":false},"product_brand":[],"product_cat":[15],"product_tag":[],"class_list":{"0":"post-9209","1":"product","2":"type-product","3":"status-publish","4":"has-post-thumbnail","6":"product_cat-uncategorized","8":"first","9":"instock","10":"sale","11":"taxable","12":"shipping-taxable","13":"purchasable","14":"product-type-simple"},"acf":[],"_links":{"self":[{"href":"https:\/\/linoexpress.com\/cz\/wp-json\/wp\/v2\/product\/9209","targetHints":{"allow":["GET"]}}],"collection":[{"href":"https:\/\/linoexpress.com\/cz\/wp-json\/wp\/v2\/product"}],"about":[{"href":"https:\/\/linoexpress.com\/cz\/wp-json\/wp\/v2\/types\/product"}],"replies":[{"embeddable":true,"href":"https:\/\/linoexpress.com\/cz\/wp-json\/wp\/v2\/comments?post=9209"}],"wp:featuredmedia":[{"embeddable":true,"href":"https:\/\/linoexpress.com\/cz\/wp-json\/wp\/v2\/media\/9213"}],"wp:attachment":[{"href":"https:\/\/linoexpress.com\/cz\/wp-json\/wp\/v2\/media?parent=9209"}],"wp:term":[{"taxonomy":"product_brand","embeddable":true,"href":"https:\/\/linoexpress.com\/cz\/wp-json\/wp\/v2\/product_brand?post=9209"},{"taxonomy":"product_cat","embeddable":true,"href":"https:\/\/linoexpress.com\/cz\/wp-json\/wp\/v2\/product_cat?post=9209"},{"taxonomy":"product_tag","embeddable":true,"href":"https:\/\/linoexpress.com\/cz\/wp-json\/wp\/v2\/product_tag?post=9209"}],"curies":[{"name":"wp","href":"https:\/\/api.w.org\/{rel}","templated":true}]}}