{"id":9324,"date":"2023-01-31T10:38:36","date_gmt":"2023-01-31T09:38:36","guid":{"rendered":"https:\/\/linoexpress.com\/cz\/?post_type=product&#038;p=9324"},"modified":"2023-02-06T11:40:25","modified_gmt":"2023-02-06T10:40:25","slug":"nastroj-pro-testovani-automobilovych-rele","status":"publish","type":"product","link":"https:\/\/linoexpress.com\/cz\/produkt\/nastroj-pro-testovani-automobilovych-rele\/","title":{"rendered":"N\u00e1stroj pro testov\u00e1n\u00ed automobilov\u00fdch rel\u00e9"},"content":{"rendered":"","protected":false},"excerpt":{"rendered":"<p>Kompaktn\u00ed a praktick\u00fd tester rel\u00e9 do auta je skv\u011bl\u00e1 v\u011bc, kterou byste m\u011bli m\u00edt v\u017edy ve sv\u00e9m aut\u011b.<\/p>\n<p>&nbsp;<\/p>\n<p>&nbsp;<\/p>\n<p>&nbsp;<\/p>\n","protected":false},"featured_media":9328,"comment_status":"closed","ping_status":"closed","template":"","meta":{"inline_featured_image":false},"product_brand":[],"product_cat":[15],"product_tag":[],"class_list":{"0":"post-9324","1":"product","2":"type-product","3":"status-publish","4":"has-post-thumbnail","6":"product_cat-uncategorized","8":"first","9":"instock","10":"sale","11":"taxable","12":"shipping-taxable","13":"purchasable","14":"product-type-simple"},"acf":[],"_links":{"self":[{"href":"https:\/\/linoexpress.com\/cz\/wp-json\/wp\/v2\/product\/9324","targetHints":{"allow":["GET"]}}],"collection":[{"href":"https:\/\/linoexpress.com\/cz\/wp-json\/wp\/v2\/product"}],"about":[{"href":"https:\/\/linoexpress.com\/cz\/wp-json\/wp\/v2\/types\/product"}],"replies":[{"embeddable":true,"href":"https:\/\/linoexpress.com\/cz\/wp-json\/wp\/v2\/comments?post=9324"}],"wp:featuredmedia":[{"embeddable":true,"href":"https:\/\/linoexpress.com\/cz\/wp-json\/wp\/v2\/media\/9328"}],"wp:attachment":[{"href":"https:\/\/linoexpress.com\/cz\/wp-json\/wp\/v2\/media?parent=9324"}],"wp:term":[{"taxonomy":"product_brand","embeddable":true,"href":"https:\/\/linoexpress.com\/cz\/wp-json\/wp\/v2\/product_brand?post=9324"},{"taxonomy":"product_cat","embeddable":true,"href":"https:\/\/linoexpress.com\/cz\/wp-json\/wp\/v2\/product_cat?post=9324"},{"taxonomy":"product_tag","embeddable":true,"href":"https:\/\/linoexpress.com\/cz\/wp-json\/wp\/v2\/product_tag?post=9324"}],"curies":[{"name":"wp","href":"https:\/\/api.w.org\/{rel}","templated":true}]}}