{"id":9665,"date":"2023-02-23T09:25:02","date_gmt":"2023-02-23T08:25:02","guid":{"rendered":"https:\/\/linoexpress.com\/cz\/?post_type=product&#038;p=9665"},"modified":"2024-06-19T11:49:04","modified_gmt":"2024-06-19T09:49:04","slug":"tepla-obuv-pro-miminka-a-deti-2","status":"publish","type":"product","link":"https:\/\/linoexpress.com\/cz\/produkt\/tepla-obuv-pro-miminka-a-deti-2\/","title":{"rendered":"Tepl\u00e1 obuv pro miminka a d\u011bti"},"content":{"rendered":"","protected":false},"excerpt":{"rendered":"<p>Pohodln\u00e9 a m\u011bkk\u00e9 boti\u010dky pro miminka a d\u011bti poskytnou mal\u00fdm no\u017ei\u010dk\u00e1m maxim\u00e1ln\u00ed pohodl\u00ed a teplo. \u0160pi\u010dkov\u00e9 materi\u00e1ly a kr\u00e1sn\u00fd vzhled dopln\u00ed ka\u017edou kombinaci.<\/p>\n","protected":false},"featured_media":9667,"comment_status":"closed","ping_status":"closed","template":"","meta":{"inline_featured_image":false},"product_brand":[],"product_cat":[28,15],"product_tag":[],"class_list":{"0":"post-9665","1":"product","2":"type-product","3":"status-publish","4":"has-post-thumbnail","6":"product_cat-beauty","7":"product_cat-uncategorized","9":"first","10":"instock","11":"sale","12":"taxable","13":"shipping-taxable","14":"purchasable","15":"product-type-simple"},"acf":[],"_links":{"self":[{"href":"https:\/\/linoexpress.com\/cz\/wp-json\/wp\/v2\/product\/9665","targetHints":{"allow":["GET"]}}],"collection":[{"href":"https:\/\/linoexpress.com\/cz\/wp-json\/wp\/v2\/product"}],"about":[{"href":"https:\/\/linoexpress.com\/cz\/wp-json\/wp\/v2\/types\/product"}],"replies":[{"embeddable":true,"href":"https:\/\/linoexpress.com\/cz\/wp-json\/wp\/v2\/comments?post=9665"}],"wp:featuredmedia":[{"embeddable":true,"href":"https:\/\/linoexpress.com\/cz\/wp-json\/wp\/v2\/media\/9667"}],"wp:attachment":[{"href":"https:\/\/linoexpress.com\/cz\/wp-json\/wp\/v2\/media?parent=9665"}],"wp:term":[{"taxonomy":"product_brand","embeddable":true,"href":"https:\/\/linoexpress.com\/cz\/wp-json\/wp\/v2\/product_brand?post=9665"},{"taxonomy":"product_cat","embeddable":true,"href":"https:\/\/linoexpress.com\/cz\/wp-json\/wp\/v2\/product_cat?post=9665"},{"taxonomy":"product_tag","embeddable":true,"href":"https:\/\/linoexpress.com\/cz\/wp-json\/wp\/v2\/product_tag?post=9665"}],"curies":[{"name":"wp","href":"https:\/\/api.w.org\/{rel}","templated":true}]}}