{"id":9948,"date":"2023-03-07T09:29:25","date_gmt":"2023-03-07T08:29:25","guid":{"rendered":"https:\/\/linoexpress.com\/cz\/?post_type=product&#038;p=9948"},"modified":"2023-03-21T09:44:03","modified_gmt":"2023-03-21T08:44:03","slug":"pristroj-pro-testovani-proudoveho-napeti-2","status":"publish","type":"product","link":"https:\/\/linoexpress.com\/cz\/produkt\/pristroj-pro-testovani-proudoveho-napeti-2\/","title":{"rendered":"P\u0159\u00edstroj pro testov\u00e1n\u00ed proudov\u00e9ho nap\u011bt\u00ed"},"content":{"rendered":"","protected":false},"excerpt":{"rendered":"<p>Rychle a snadno zkontrolujte obvody, pojistky, sp\u00edna\u010de a kabel\u00e1\u017e na autech, p\u0159\u00edv\u011bsech, motocyklech a dal\u0161\u00edch n\u00edzkonap\u011bt\u00b4ov\u00fdch syst\u00e9mech.<\/p>\n","protected":false},"featured_media":9950,"comment_status":"closed","ping_status":"closed","template":"","meta":{"inline_featured_image":false},"product_brand":[],"product_cat":[25,27,15],"product_tag":[],"class_list":{"0":"post-9948","1":"product","2":"type-product","3":"status-publish","4":"has-post-thumbnail","6":"product_cat-car","7":"product_cat-home","8":"product_cat-uncategorized","10":"first","11":"instock","12":"sale","13":"taxable","14":"shipping-taxable","15":"purchasable","16":"product-type-simple"},"acf":[],"_links":{"self":[{"href":"https:\/\/linoexpress.com\/cz\/wp-json\/wp\/v2\/product\/9948","targetHints":{"allow":["GET"]}}],"collection":[{"href":"https:\/\/linoexpress.com\/cz\/wp-json\/wp\/v2\/product"}],"about":[{"href":"https:\/\/linoexpress.com\/cz\/wp-json\/wp\/v2\/types\/product"}],"replies":[{"embeddable":true,"href":"https:\/\/linoexpress.com\/cz\/wp-json\/wp\/v2\/comments?post=9948"}],"wp:featuredmedia":[{"embeddable":true,"href":"https:\/\/linoexpress.com\/cz\/wp-json\/wp\/v2\/media\/9950"}],"wp:attachment":[{"href":"https:\/\/linoexpress.com\/cz\/wp-json\/wp\/v2\/media?parent=9948"}],"wp:term":[{"taxonomy":"product_brand","embeddable":true,"href":"https:\/\/linoexpress.com\/cz\/wp-json\/wp\/v2\/product_brand?post=9948"},{"taxonomy":"product_cat","embeddable":true,"href":"https:\/\/linoexpress.com\/cz\/wp-json\/wp\/v2\/product_cat?post=9948"},{"taxonomy":"product_tag","embeddable":true,"href":"https:\/\/linoexpress.com\/cz\/wp-json\/wp\/v2\/product_tag?post=9948"}],"curies":[{"name":"wp","href":"https:\/\/api.w.org\/{rel}","templated":true}]}}