{"id":9983,"date":"2023-03-08T09:20:15","date_gmt":"2023-03-08T08:20:15","guid":{"rendered":"https:\/\/linoexpress.com\/cz\/?post_type=product&#038;p=9983"},"modified":"2023-05-29T18:35:32","modified_gmt":"2023-05-29T16:35:32","slug":"profesionalni-pristroj-pro-trenink-predlokti-2","status":"publish","type":"product","link":"https:\/\/linoexpress.com\/cz\/produkt\/profesionalni-pristroj-pro-trenink-predlokti-2\/","title":{"rendered":"Profesion\u00e1ln\u00ed p\u0159\u00edstroj pro tr\u00e9nink p\u0159edlokt\u00ed"},"content":{"rendered":"","protected":false},"excerpt":{"rendered":"<p>Dos\u00e1hn\u011bte vynikaj\u00edc\u00edch v\u00fdsledk\u016f p\u0159i zlep\u0161ov\u00e1n\u00ed s\u00edly, prokrven\u00ed a rychlosti v kloubech a prstech.<\/p>\n","protected":false},"featured_media":9987,"comment_status":"closed","ping_status":"closed","template":"","meta":{"inline_featured_image":false},"product_brand":[],"product_cat":[28,15,26],"product_tag":[],"class_list":{"0":"post-9983","1":"product","2":"type-product","3":"status-publish","4":"has-post-thumbnail","6":"product_cat-beauty","7":"product_cat-uncategorized","8":"product_cat-health","10":"first","11":"instock","12":"sale","13":"taxable","14":"shipping-taxable","15":"purchasable","16":"product-type-simple"},"acf":[],"_links":{"self":[{"href":"https:\/\/linoexpress.com\/cz\/wp-json\/wp\/v2\/product\/9983","targetHints":{"allow":["GET"]}}],"collection":[{"href":"https:\/\/linoexpress.com\/cz\/wp-json\/wp\/v2\/product"}],"about":[{"href":"https:\/\/linoexpress.com\/cz\/wp-json\/wp\/v2\/types\/product"}],"replies":[{"embeddable":true,"href":"https:\/\/linoexpress.com\/cz\/wp-json\/wp\/v2\/comments?post=9983"}],"wp:featuredmedia":[{"embeddable":true,"href":"https:\/\/linoexpress.com\/cz\/wp-json\/wp\/v2\/media\/9987"}],"wp:attachment":[{"href":"https:\/\/linoexpress.com\/cz\/wp-json\/wp\/v2\/media?parent=9983"}],"wp:term":[{"taxonomy":"product_brand","embeddable":true,"href":"https:\/\/linoexpress.com\/cz\/wp-json\/wp\/v2\/product_brand?post=9983"},{"taxonomy":"product_cat","embeddable":true,"href":"https:\/\/linoexpress.com\/cz\/wp-json\/wp\/v2\/product_cat?post=9983"},{"taxonomy":"product_tag","embeddable":true,"href":"https:\/\/linoexpress.com\/cz\/wp-json\/wp\/v2\/product_tag?post=9983"}],"curies":[{"name":"wp","href":"https:\/\/api.w.org\/{rel}","templated":true}]}}