{"id":100,"date":"2020-10-28T10:57:15","date_gmt":"2020-10-28T10:57:15","guid":{"rendered":"https:\/\/shopium.eu\/rs\/?page_id=100"},"modified":"2023-09-15T11:51:23","modified_gmt":"2023-09-15T09:51:23","slug":"tingimused","status":"publish","type":"page","link":"https:\/\/linoexpress.com\/ee\/tingimused\/","title":{"rendered":"Tingimused"},"content":{"rendered":"<p>\u00fcldised \u00e4ritingimused<\/p>\n<p>Linoexpress.com\/ (edaspidi &#8220;meie&#8221;, &#8220;meie&#8221;, &#8220;meie&#8221;, &#8220;meie&#8221;, &#8220;meie&#8221; jne) on ettev\u00f5ttele ECTCEU doo kuuluv veebipood. (edaspidi &#8220;meie&#8221;, &#8220;meie&#8221;, &#8220;meie&#8221;, &#8220;meie&#8221;, &#8220;meie&#8221; jne), mis toimib vastavalt e-kaubanduse seadusele ja k\u00f5igile teistele kehtivatele Euroopa Liidu seadustele ja m\u00e4\u00e4rustele. . K\u00fclastades v\u00f5i ostma meie veebipoodi, n\u00f5ustute j\u00e4rgmiste kasutustingimustega. Lugege hoolikalt l\u00e4bi ja tutvuge meie kohaldatavate reeglitega. J\u00e4tame endale \u00f5iguse k\u00e4esolevaid kasutustingimusi ilma ette teatamata muuta.<\/p>\n<p>Privaatsusavaldus<\/p>\n<p>Oleme oma veebipoe nimel v\u00f5tnud endale kohustuse kaitsta k\u00f5igi oma klientide privaatsust vastavalt Euroopa Liidu \u00f5iguse (GDPR) ja kohalike seaduste s\u00e4tetele. Kogume klientide\/kasutajate kohta vaid vajalikke p\u00f5hiandmeid ning \u00e4ritegevuseks ja kasutajate teavitamiseks vastavalt headele \u00e4ritavadele ja kvaliteetse teenuse osutamiseks vajalikke andmeid. Anname kasutajatele valikuv\u00f5imalusi, sealhulgas v\u00f5imaluse otsustada, kas nad soovivad turunduskampaaniates kasutatavatest meililistidest eemaldada. K\u00f5iki kasutaja\/kliendi andmeid s\u00e4ilitatakse rangelt ja need on k\u00e4ttesaadavad ainult t\u00f6\u00f6tajatele, kes vajavad andmeid oma t\u00f6\u00f6 tegemiseks. K\u00f5ik meie t\u00f6\u00f6tajad (ja \u00e4ripartnerid) vastutavad privaatsusp\u00f5him\u00f5tete j\u00e4rgimise eest.<\/p>\n<p>Hinnad<\/p>\n<p>K\u00f5ik kodulehel toodud toodete hinnad sisaldavad k\u00e4ibemaksu. Kohustume j\u00e4rgima hinda, millega teie tellimus saadeti, olenemata sellest, kas toote hind on p\u00e4rast tellimuse koostamist muutunud. Siiski j\u00e4tame endale \u00f5iguse tellimus t\u00fchistada, teavitades tarbijat e-posti teel, kui veebilehel on esinenud t\u00f5sine hinnakujundusviga. Iga klient saab ostu sooritades elektroonilisel kujul arve tema poolt tellimuse vormistamisel m\u00e4rgitud e-posti aadressile.<\/p>\n<p>&nbsp;<\/p>\n<p>Kohaletoimetamine<\/p>\n<p>K\u00f5ik meie veebisaidil esitatud tooted on meie laos. Ostmisel on klient kohustatud kandma saatmiskulud, v\u00e4lja arvatud \u00fcksikute toodete puhul, millele on m\u00e4rgitud: &#8220;saatmine hinna sees&#8221; v\u00f5i &#8220;tasuta saatmine&#8221;. Tellimuste t\u00e4itmisel kasutame kullerfirmade Expedico teenuseid. Meil on s\u00f5lmitud \u00e4rikoost\u00f6\u00f6 leping k\u00f5igi \u00fclaltoodud kullerteenustega. Tellitud toodete tarneaeg on 2-5 t\u00f6\u00f6p\u00e4eva (seoses COVID-19 olukorraga v\u00f5ib tarneaeg veidi pikeneda). Tellitud tooted tarnime kohaletoimetamise aadressina m\u00e4rgitud aadressile.<\/p>\n<p>&nbsp;<\/p>\n<p>Intellektuaalne omand<\/p>\n<p>Sellel veebisaidil kuvatav sisu, nagu lehed, kujunduselemendid (nupud, ikoonid jne), tekstid, fotod, logod, helisalvestised ja tarkvara, on meie v\u00f5i meie partnerite omand ning seda ei tohi kasutada ilma meie eelneva n\u00f5usolekuta. n\u00f5usolekut. Kui arvate, et meie veebisaidi sisu kuulub teile ja seda on v\u00e4\u00e4rkasutatud, v\u00f5tke meiega \u00fchendust, et m\u00e4\u00e4rata kindlaks intellektuaalomandi omandi\u00f5igus. Kogu veebisaidil olev teave on ainult informatiivsel eesm\u00e4rgil ja seda ei tohi kasutada \u00e4rilistel eesm\u00e4rkidel ega levitada kolmandatele isikutele<\/p>\n<p>&nbsp;<\/p>\n<p>&nbsp;<\/p>\n<p>K\u00fclastajate kommentaarid, suhtlus ja muu sisu<\/p>\n<p>K\u00fclastajatel on v\u00f5imalik tooteid kommenteerida ja s\u00f5numeid saata meie e-posti aadressile. Meil on \u00f5igus mitte avaldada kommentaare, mis on pahatahtlikud, sisaldavad ebas\u00fcndsaid avaldusi, \u00f5hutavad vaenu v\u00f5i ohustavad mingil moel teiste inimeste \u00f5igusi. Sellised kommentaarid kustutatakse ette teatamata. Kellegi teisena esinemine ja registreerimine kellegi teise e-posti aadressiga ei ole lubatud. Saame selliste toimingute suhtes algatada asjakohase kohtumenetluse<\/p>\n<p>&nbsp;<\/p>\n<p>Toodete kirjeldused.<\/p>\n<p>Meie huvides on kirjeldada k\u00f5iki tooteid v\u00f5imalikult t\u00e4pselt. Siiski ei garanteeri me, et esitatud tooteteave on t\u00e4pne, t\u00e4ielik, usaldusv\u00e4\u00e4rne v\u00f5i veatu. Kui ostetud toode erineb veebilehel toodud kirjeldusest, on kaupmehel \u00f5igus see kahjustamata tagastada koos kogu kaasa tarnitud lisavarustusega ning tagastame raha.<\/p>\n<p>&nbsp;<\/p>\n<p>T\u00f6\u00f6aeg<\/p>\n<p>T\u00f6\u00f6tame 9-17, 5 p\u00e4eva n\u00e4dalas (esmasp\u00e4ev, teisip\u00e4ev, kolmap\u00e4ev, neljap\u00e4ev, reede). Tehniliste probleemide v\u00f5i korralise hoolduse korral v\u00f5ib koduleht olla l\u00fchiajaliselt k\u00e4ttesaamatu, millest teavitame Teid eelnevalt.<\/p>\n<p>&nbsp;<\/p>\n<p>Andmete muutmine (uuendamine) kodulehel<\/p>\n<p>J\u00e4tame endale \u00f5iguse muuta veebisaidi mis tahes lehel kuvatavat teavet igal ajal ilma ette teatamata. Veebilehe k\u00fclastajatel ei ole \u00f5igust \u00fchepoolselt muuta kasutustingimusi ning k\u00f5ik muudatused on t\u00fchised, v\u00e4lja arvatud juhul, kui m\u00f5lemad pooled on kirjalikult kokku leppinud.<\/p>\n<p>&nbsp;<\/p>\n<p>Lisainformatsioon<\/p>\n<p>K\u00e4esolevate kasutustingimuste teatud s\u00e4tete osaline v\u00f5i t\u00e4ielik v\u00f5imatus v\u00f5i ebaseaduslikkus ei m\u00f5juta \u00fclej\u00e4\u00e4nud s\u00e4tete kehtivust, mis j\u00e4\u00e4vad tervikuna kehtima. Sobimatu v\u00f5i ebaseaduslik s\u00e4te asendatakse m\u00f5ne muu asjakohase s\u00e4ttega. N\u00f5ustute mitte loovutama oma k\u00e4esolevatest kasutustingimustest tulenevaid \u00f5igusi ja kohustusi kolmandale osapoolele ilma meie selges\u00f5nalise kirjaliku n\u00f5usolekuta.<\/p>\n","protected":false},"excerpt":{"rendered":"<p>\u00fcldised \u00e4ritingimused Linoexpress.com\/ (edaspidi &#8220;meie&#8221;, &#8220;meie&#8221;, &#8220;meie&#8221;, &#8220;meie&#8221;, &#8220;meie&#8221; jne) on ettev\u00f5ttele ECTCEU doo kuuluv veebipood. (edaspidi &#8220;meie&#8221;, &#8220;meie&#8221;, &#8220;meie&#8221;, &#8220;meie&#8221;, &#8220;meie&#8221; jne), mis toimib vastavalt e-kaubanduse seadusele ja k\u00f5igile teistele kehtivatele Euroopa Liidu seadustele ja m\u00e4\u00e4rustele. . K\u00fclastades v\u00f5i ostma meie veebipoodi, n\u00f5ustute j\u00e4rgmiste kasutustingimustega. Lugege hoolikalt l\u00e4bi ja tutvuge meie kohaldatavate reeglitega. J\u00e4tame &hellip; <a href=\"https:\/\/linoexpress.com\/ee\/tingimused\/\">Continued<\/a><\/p>\n","protected":false},"author":1,"featured_media":0,"parent":0,"menu_order":0,"comment_status":"closed","ping_status":"closed","template":"","meta":{"inline_featured_image":false,"footnotes":""},"class_list":["post-100","page","type-page","status-publish","hentry"],"acf":[],"_links":{"self":[{"href":"https:\/\/linoexpress.com\/ee\/wp-json\/wp\/v2\/pages\/100","targetHints":{"allow":["GET"]}}],"collection":[{"href":"https:\/\/linoexpress.com\/ee\/wp-json\/wp\/v2\/pages"}],"about":[{"href":"https:\/\/linoexpress.com\/ee\/wp-json\/wp\/v2\/types\/page"}],"author":[{"embeddable":true,"href":"https:\/\/linoexpress.com\/ee\/wp-json\/wp\/v2\/users\/1"}],"replies":[{"embeddable":true,"href":"https:\/\/linoexpress.com\/ee\/wp-json\/wp\/v2\/comments?post=100"}],"version-history":[{"count":12,"href":"https:\/\/linoexpress.com\/ee\/wp-json\/wp\/v2\/pages\/100\/revisions"}],"predecessor-version":[{"id":10608,"href":"https:\/\/linoexpress.com\/ee\/wp-json\/wp\/v2\/pages\/100\/revisions\/10608"}],"wp:attachment":[{"href":"https:\/\/linoexpress.com\/ee\/wp-json\/wp\/v2\/media?parent=100"}],"curies":[{"name":"wp","href":"https:\/\/api.w.org\/{rel}","templated":true}]}}