{"id":104,"date":"2020-10-28T10:57:46","date_gmt":"2020-10-28T10:57:46","guid":{"rendered":"https:\/\/shopium.eu\/rs\/?page_id=104"},"modified":"2023-09-15T11:55:45","modified_gmt":"2023-09-15T09:55:45","slug":"meist","status":"publish","type":"page","link":"https:\/\/linoexpress.com\/ee\/meist\/","title":{"rendered":"Meist"},"content":{"rendered":"<p>Meie m\u00f5tlemine l\u00e4bi BR\u00c4NDI prisma \u2013 kes me oleme ja miks oleme nii kaua eksisteerinud?<\/p>\n<p>T\u00e4nap\u00e4eva kiire elustiili juures p\u00f5hineb iga \u00e4ri v\u00f5imalikult suure kasumi teenimisel. Kuid sellestki \u00fcletatakse vastavalt maailma igap\u00e4evastele muutustele ja kasumist \u00fcksi enam ei piisa vaid \u00fche osapoole eesm\u00e4rgi saavutamisest.<\/p>\n<p>M\u00f5nikord on k\u00f5ige parem vaadata asju teisest, sageli realistlikumast vaatenurgast, et n\u00e4ha, mida on vaja, et astuda k\u00f5rgemale.<\/p>\n<p>Sellest l\u00e4htuvalt alustasime 2018. aastal inimeste k\u00fcsitlusega, mille esmane eesm\u00e4rk oli v\u00e4lja selgitada, mida inimesed oma igap\u00e4evaelus tegelikult vajavad, ning kohandasime sellega oma \u00e4rimudeli.<\/p>\n<p>&nbsp;<\/p>\n<p>Meie eesm\u00e4rk:<\/p>\n<p>\u00dclemaailmne internetiturg on \u00fcle ujutatud lugematul hulgal tooteid, mida pakutakse k\u00f5ikjalt maailmast ning nende tellimine on suur probleem ja sasipundar, mist\u00f5ttu suhtutakse sellistesse asjadesse reservatsioonidega.<\/p>\n<p>Raske on eristada, millisel veebipoel on h\u00e4sti arenenud \u00e4rimudel ja k\u00f5rgetasemeline organisatsioon, kus prioriteet on klient ja turvaline ostlemine!<\/p>\n<p>K\u00f5ik see ei tohiks olla p\u00f5hjus, miks me ei saa nautida huvitavaid asju, mis on meile k\u00e4ttesaadavad ainult veebis. Seet\u00f5ttu oleme siin, et teenindada teid filtrina ja turvaliselt meiesugustele uudishimulikele inimestele.<\/p>\n<p>Koosk\u00f5las globaalse internetituruga, mida pidevalt j\u00e4lgime, soovime koondada \u00fchte kohta k\u00f5ik parimad ja vajalikumad trenditooted, mis teevad Sind \u00f5nnelikumaks ja muudavad Sinu igap\u00e4evaelu lihtsamaks.<\/p>\n<p>\u00dcks meie k\u00fcsitluse k\u00e4igus esmat\u00e4htsaks osutunud parameetritest on kiire kohaletoimetamine, seega vastavalt sellele hoiame k\u00f5iki tooteid, mida oleme kodulehel v\u00e4lja pannud, oma ladudes Euroopas reaalses laos, et need oleksid k\u00e4ttesaadavad.<\/p>\n<p>n\u00fc\u00fcd ja praegu!<\/p>\n<p>K\u00f5ige olulisem osa on loomulikult toote kvaliteet, mist\u00f5ttu testime iga \u00fcksikut toodet enne turule laskmist hoolikalt ja kontrollime k\u00f5iki funktsionaalsusi, veendumaks, et toode t\u00f5esti vastab n\u00e4idatud kvaliteedistandarditele.<\/p>\n<p>Meie moto:<\/p>\n<p>Otsime otsingumootorit teie ja teile meeldivate toodete jaoks \u2013 ilma teie riskita!<\/p>\n","protected":false},"excerpt":{"rendered":"<p>Meie m\u00f5tlemine l\u00e4bi BR\u00c4NDI prisma \u2013 kes me oleme ja miks oleme nii kaua eksisteerinud? T\u00e4nap\u00e4eva kiire elustiili juures p\u00f5hineb iga \u00e4ri v\u00f5imalikult suure kasumi teenimisel. Kuid sellestki \u00fcletatakse vastavalt maailma igap\u00e4evastele muutustele ja kasumist \u00fcksi enam ei piisa vaid \u00fche osapoole eesm\u00e4rgi saavutamisest. M\u00f5nikord on k\u00f5ige parem vaadata asju teisest, sageli realistlikumast vaatenurgast, et &hellip; <a href=\"https:\/\/linoexpress.com\/ee\/meist\/\">Continued<\/a><\/p>\n","protected":false},"author":1,"featured_media":0,"parent":0,"menu_order":0,"comment_status":"closed","ping_status":"closed","template":"","meta":{"inline_featured_image":false,"footnotes":""},"class_list":["post-104","page","type-page","status-publish","hentry"],"acf":[],"_links":{"self":[{"href":"https:\/\/linoexpress.com\/ee\/wp-json\/wp\/v2\/pages\/104","targetHints":{"allow":["GET"]}}],"collection":[{"href":"https:\/\/linoexpress.com\/ee\/wp-json\/wp\/v2\/pages"}],"about":[{"href":"https:\/\/linoexpress.com\/ee\/wp-json\/wp\/v2\/types\/page"}],"author":[{"embeddable":true,"href":"https:\/\/linoexpress.com\/ee\/wp-json\/wp\/v2\/users\/1"}],"replies":[{"embeddable":true,"href":"https:\/\/linoexpress.com\/ee\/wp-json\/wp\/v2\/comments?post=104"}],"version-history":[{"count":4,"href":"https:\/\/linoexpress.com\/ee\/wp-json\/wp\/v2\/pages\/104\/revisions"}],"predecessor-version":[{"id":10611,"href":"https:\/\/linoexpress.com\/ee\/wp-json\/wp\/v2\/pages\/104\/revisions\/10611"}],"wp:attachment":[{"href":"https:\/\/linoexpress.com\/ee\/wp-json\/wp\/v2\/media?parent=104"}],"curies":[{"name":"wp","href":"https:\/\/api.w.org\/{rel}","templated":true}]}}