{"id":1044,"date":"2021-01-05T14:08:01","date_gmt":"2021-01-05T13:08:01","guid":{"rendered":"https:\/\/shopium.eu\/hr\/?page_id=1044"},"modified":"2025-04-11T11:52:57","modified_gmt":"2025-04-11T09:52:57","slug":"kupsiste-poliitika","status":"publish","type":"page","link":"https:\/\/linoexpress.com\/ee\/kupsiste-poliitika\/","title":{"rendered":"K\u00fcpsiste poliitika"},"content":{"rendered":"<p>Ettev\u00f5te ECTCEU d.o.o. austab ja kaitseb teie privaatsust. Allpool on \u00fcksikasjalikum teave selle kohta, kuidas me teie isikuandmeid k\u00e4sitleme.<\/p>\n<p>See k\u00fcpsistepoliitika kirjeldab k\u00fcpsiste ja sarnaste tehnoloogiate kasutamisega kogutud andmete t\u00f6\u00f6tlemist. Need reeglid on koostatud koosk\u00f5las Euroopa Liidu andmekaitse \u00fcldm\u00e4\u00e4rusega (GDPR) ja kehtivate Sloveenia \u00f5igusaktidega.<\/p>\n<p>1. K\u00fcpsiste kohta<\/p>\n<p>Mis on k\u00fcpsised ja miks neid vaja on?<\/p>\n<p>K\u00fcpsis on v\u00e4ike osa andmeid, mille veebisait saadab teie k\u00fclastusega seoses brauserisse. Sel viisil tunneb veebisait teid \u00e4ra, j\u00e4tab meelde teie k\u00fclastusega seotud teabe ja pakub teile kohandatud ja lihtsat v\u00f5rguteenust. K\u00fcpsised aitavad meil kohandada meie veebisaidi sisu, meeles pidada teie eelistusi ja registreerida meie veebisaidi k\u00fclastusi. K\u00fcpsised v\u00f5imaldavad meie veebisaidil meeldivat, kiiret ja t\u00f5husamat sirvimiskogemust.<\/p>\n<p>&nbsp;<\/p>\n<p>2. K\u00fcpsised, mida kasutame<\/p>\n<p>Kasutame oma veebisaidil erinevat t\u00fc\u00fcpi k\u00fcpsiseid, mis on jagatud nelja kategooriasse:<\/p>\n<p>vajalikud k\u00fcpsised,<br \/>\nanal\u00fc\u00fctilised k\u00fcpsised,<br \/>\nfunktsionaalsed k\u00fcpsised ja<br \/>\nreklaami- (turundus)k\u00fcpsised.<br \/>\nVajalikud k\u00fcpsised on k\u00fcpsised, ilma milleta meie veebisait ei saaks toimida. Need k\u00fcpsised paigutatakse automaatselt teie seadmesse ja neid ei saa v\u00e4lja l\u00fclitada. Vajalikud k\u00fcpsised ei suuda teid tuvastada ja on ainult selleks, et tagada veebisaidi korrektne kuvamine.<\/p>\n<p>Anal\u00fc\u00fctilised k\u00fcpsised v\u00f5imaldavad meil teha meie veebisaidi kohta erinevaid statistilisi anal\u00fc\u00fcse. Neid k\u00fcpsiseid kasutatakse anon\u00fc\u00fcmsel kujul, mis t\u00e4hendab, et nad ei suuda teid tuvastada. Nende k\u00fcpsiste kasutamise saate keelata oma Interneti-brauseris v\u00f5i meie veebisaidi allosas olevas jaotises &#8220;K\u00fcpsiste seaded&#8221;.<\/p>\n<p>Funktsionaalsed k\u00fcpsised on k\u00fcpsised, mis v\u00f5imaldavad meie veebisaidil erinevaid funktsioone, nagu keele m\u00e4\u00e4ramine, ostukorvi sisu salvestamine jne. Need k\u00fcpsised paigutatakse teie seadmesse ainult teie eelneval n\u00f5usolekul.<\/p>\n<p>Turundusk\u00fcpsiseid kasutatakse isikup\u00e4rastatud reklaamiteenuste pakkumiseks. Andmeid kasutades loovad need k\u00fcpsised teist profiili, mille p\u00f5hjal n\u00e4ete ainult reklaame, mis arvatakse teile huvi pakkuvat. Need k\u00fcpsised paigutatakse teie seadmesse ainult teie eelneval n\u00f5usolekul. Hoiatame teid, et nende k\u00fcpsiste kasutamisest keeldumine ei takista reklaamide kuvamist veebisaidil, kuna neid kuvatakse endiselt; kuid neid ei kohandata enam teie huvidele.<\/p>\n<p>Lisaks eelnimetatud kategooriatele eristame esimese osapoole k\u00fcpsiseid ja kolmanda osapoole k\u00fcpsiseid, mida oma veebisaidil kasutame.<\/p>\n<p>Esimese osapoole k\u00fcpsised on sellele veebisaidile kuuluvad k\u00fcpsised, st meie ettev\u00f5tte v\u00f5i lepinguliste t\u00f6\u00f6tlejate poolt sellele veebisaidile pandud k\u00fcpsised. Meie lepinguliste t\u00f6\u00f6tlejate kohta lisateabe saamiseks lugege meie privaatsuspoliitikat.<\/p>\n<p>Kolmandate osapoolte k\u00fcpsised on k\u00fcpsised, mille on paigutanud muud veebisaidid kui see, mida praegu k\u00fclastate ja mis v\u00f5imaldavad meil kasutada isikup\u00e4rastatud reklaame. Neid k\u00fcpsiseid kasutatakse teie Interneti-kasutuse j\u00e4lgimiseks, v\u00f5imaldades meil n\u00e4idata teile reklaame, mis on teile asjakohased ja huvitavad.<\/p>\n<p>&nbsp;<\/p>\n<p>3. K\u00fcpsiste s\u00e4tete muutmine<\/p>\n<p>Saate otsustada, kas soovite lubada k\u00fcpsiste salvestamist oma seadmesse.<\/p>\n<p>Saate oma k\u00fcpsiste seadeid igal ajal muuta veebisaidi allosas olevas jaotises &#8220;K\u00fcpsiste seaded&#8221;.<\/p>\n<p>Kui k\u00fclastate meie veebisaiti, paigutatakse teie seadmesse automaatselt ainult vajalikud k\u00fcpsised ja anon\u00fc\u00fcmsed anal\u00fc\u00fctilised k\u00fcpsised, eelistus- ja turundusk\u00fcpsised aga ainult teie n\u00f5usolekul.<\/p>\n<p>Kuidas ma saan oma n\u00f5usoleku anda?<\/p>\n<p>Kui k\u00fclastate meie veebisaiti esimest korda, avaneb h\u00fcpikaken ja saate valida sobivad k\u00fcpsiste seaded. Kui olete meie veebisaiti juba k\u00fclastanud ja oma valitud k\u00fcpsiseid kinnitanud, saate neid seadeid muuta, minnes meie veebisaidi allosas asuvasse jaotisesse \u201eK\u00fcpsiste seaded\u201c. Avaneb uus h\u00fcpikaken ja saate valida k\u00fcpsiste seaded.<\/p>\n<p>Hoiatame, et k\u00fcpsiste kasutamise keeldumine ei takista veebilehel reklaamide kuvamist. Kuvatavate reklaamide arv on sama, kui oleksite k\u00fcpsistega n\u00f5ustunud. Kui keeldute reklaamik\u00fcpsiste vastuv\u00f5tmisest, n\u00e4ete ainult \u00fcldistatud reklaame, mitte aga teie soovidele ja vajadustele kohandatud reklaame.<\/p>\n<p>K\u00fcpsiste seadeid saab j\u00e4lgida ja muuta ka oma Interneti-brauseris.<\/p>\n<p>K\u00fcpsiste s\u00e4tete kohta lisateabe saamiseks valige kasutatav Interneti-brauser:<\/p>\n<p>Chrome<br \/>\nFirefox<br \/>\nInternet Explorer<br \/>\nSafari<br \/>\nOoper<br \/>\nKui muudate v\u00f5i kustutate oma brauseri k\u00fcpsisefaili v\u00f5i muudate\/t\u00e4iendate brauserit v\u00f5i seadet, peate v\u00f5ib-olla k\u00fcpsised uuesti keelama. K\u00fcpsiste haldamise ja kustutamise protseduur s\u00f5ltub brauserist. Kui vajate abi, v\u00f5ite vaadata oma brauseri jaotist &#8220;Kasutajatugi&#8221;.<\/p>\n<p>Samuti saate Google Analyticsi keelata aadressil https:\/\/marketingplatform.google.com\/about\/.<\/p>\n<p>K\u00fcpsiste kohta lisateabe saamiseks minge aadressile http:\/\/youronlinechoices.com\/.<\/p>\n<p>&nbsp;<\/p>\n<p class=\"\" data-start=\"70\" data-end=\"121\"><strong>4. K\u00fcpsised, mida me kasutame sellel veebilehel<\/strong><\/p>\n<div class=\"pointer-events-none relative left-[50%] flex w-[100cqw] translate-x-[-50%] justify-center *:pointer-events-auto\">\n<div class=\"tableContainer horzScrollShadows\">\n<table class=\"min-w-full\" data-start=\"123\" data-end=\"700\">\n<thead data-start=\"123\" data-end=\"169\">\n<tr data-start=\"123\" data-end=\"169\">\n<th data-start=\"123\" data-end=\"138\"><strong>K\u00dcPSISE NIMI<\/strong><\/th>\n<th data-start=\"138\" data-end=\"148\"><strong>EESM\u00c4RK<\/strong><\/th>\n<th data-start=\"148\" data-end=\"157\"><strong>KESTUS<\/strong><\/th>\n<th data-start=\"157\" data-end=\"169\"><strong>ETTEV\u00d5TE<\/strong><\/th>\n<\/tr>\n<\/thead>\n<tbody data-start=\"217\" data-end=\"700\">\n<tr data-start=\"217\" data-end=\"277\">\n<td class=\"\" data-start=\"217\" data-end=\"232\"><strong>sb<\/strong><\/td>\n<td class=\"\" data-start=\"232\" data-end=\"254\"><strong>T\u00e4ienduse toimimine<\/strong><\/td>\n<td class=\"\" data-start=\"254\" data-end=\"265\"><strong>2 aastat<\/strong><\/td>\n<td class=\"\" data-start=\"265\" data-end=\"277\"><strong>Facebook<\/strong><\/td>\n<\/tr>\n<tr data-start=\"278\" data-end=\"336\">\n<td class=\"\" data-start=\"278\" data-end=\"293\"><strong>fr<\/strong><\/td>\n<td class=\"\" data-start=\"293\" data-end=\"315\"><strong>T\u00e4ienduse toimimine<\/strong><\/td>\n<td class=\"\" data-start=\"315\" data-end=\"324\"><strong>3 kuud<\/strong><\/td>\n<td class=\"\" data-start=\"324\" data-end=\"336\"><strong>Facebook<\/strong><\/td>\n<\/tr>\n<tr data-start=\"337\" data-end=\"395\">\n<td class=\"\" data-start=\"337\" data-end=\"352\"><strong>xs<\/strong><\/td>\n<td class=\"\" data-start=\"352\" data-end=\"374\"><strong>T\u00e4ienduse toimimine<\/strong><\/td>\n<td class=\"\" data-start=\"374\" data-end=\"383\"><strong>3 kuud<\/strong><\/td>\n<td class=\"\" data-start=\"383\" data-end=\"395\"><strong>Facebook<\/strong><\/td>\n<\/tr>\n<tr data-start=\"396\" data-end=\"454\">\n<td class=\"\" data-start=\"396\" data-end=\"411\"><strong>c_user<\/strong><\/td>\n<td class=\"\" data-start=\"411\" data-end=\"433\"><strong>T\u00e4ienduse toimimine<\/strong><\/td>\n<td class=\"\" data-start=\"433\" data-end=\"442\"><strong>3 kuud<\/strong><\/td>\n<td class=\"\" data-start=\"442\" data-end=\"454\"><strong>Facebook<\/strong><\/td>\n<\/tr>\n<tr data-start=\"455\" data-end=\"523\">\n<td class=\"\" data-start=\"455\" data-end=\"470\"><strong>presence<\/strong><\/td>\n<td class=\"\" data-start=\"470\" data-end=\"492\"><strong>T\u00e4ienduse toimimine<\/strong><\/td>\n<td class=\"\" data-start=\"492\" data-end=\"511\"><strong>Sessiooni kestus<\/strong><\/td>\n<td class=\"\" data-start=\"511\" data-end=\"523\"><strong>Facebook<\/strong><\/td>\n<\/tr>\n<tr data-start=\"524\" data-end=\"581\">\n<td class=\"\" data-start=\"524\" data-end=\"539\"><strong>pl<\/strong><\/td>\n<td class=\"\" data-start=\"539\" data-end=\"561\"><strong>T\u00e4ienduse toimimine<\/strong><\/td>\n<td class=\"\" data-start=\"561\" data-end=\"569\"><strong>1 kuu<\/strong><\/td>\n<td class=\"\" data-start=\"569\" data-end=\"581\"><strong>Facebook<\/strong><\/td>\n<\/tr>\n<tr data-start=\"582\" data-end=\"641\">\n<td class=\"\" data-start=\"582\" data-end=\"597\"><strong>wd<\/strong><\/td>\n<td class=\"\" data-start=\"597\" data-end=\"619\"><strong>T\u00e4ienduse toimimine<\/strong><\/td>\n<td class=\"\" data-start=\"619\" data-end=\"629\"><strong>1 n\u00e4dal<\/strong><\/td>\n<td class=\"\" data-start=\"629\" data-end=\"641\"><strong>Facebook<\/strong><\/td>\n<\/tr>\n<tr data-start=\"642\" data-end=\"700\">\n<td class=\"\" data-start=\"642\" data-end=\"657\"><strong>datr<\/strong><\/td>\n<td class=\"\" data-start=\"657\" data-end=\"679\"><strong>T\u00e4ienduse toimimine<\/strong><\/td>\n<td class=\"\" data-start=\"679\" data-end=\"688\"><strong>3 kuud<\/strong><\/td>\n<td class=\"\" data-start=\"688\" data-end=\"700\"><strong>Facebook<\/strong><\/td>\n<\/tr>\n<\/tbody>\n<\/table>\n<\/div>\n<\/div>\n<div class=\"pointer-events-none relative left-[50%] flex w-[100cqw] translate-x-[-50%] justify-center *:pointer-events-auto\">\n<div class=\"tableContainer horzScrollShadows\">\n<table class=\"min-w-full\" data-start=\"702\" data-end=\"1309\">\n<thead data-start=\"702\" data-end=\"748\">\n<tr data-start=\"702\" data-end=\"748\">\n<th data-start=\"702\" data-end=\"717\"><strong>K\u00dcPSISE NIMI<\/strong><\/th>\n<th data-start=\"717\" data-end=\"727\"><strong>EESM\u00c4RK<\/strong><\/th>\n<th data-start=\"727\" data-end=\"736\"><strong>KESTUS<\/strong><\/th>\n<th data-start=\"736\" data-end=\"748\"><strong>ETTEV\u00d5TE<\/strong><\/th>\n<\/tr>\n<\/thead>\n<tbody data-start=\"796\" data-end=\"1309\">\n<tr data-start=\"796\" data-end=\"865\">\n<td class=\"\" data-start=\"796\" data-end=\"812\"><strong>m_pixel_ratio<\/strong><\/td>\n<td class=\"\" data-start=\"812\" data-end=\"834\"><strong>T\u00e4ienduse toimimine<\/strong><\/td>\n<td class=\"\" data-start=\"834\" data-end=\"853\"><strong>Sessiooni kestus<\/strong><\/td>\n<td class=\"\" data-start=\"853\" data-end=\"865\"><strong>Facebook<\/strong><\/td>\n<\/tr>\n<tr data-start=\"866\" data-end=\"925\">\n<td class=\"\" data-start=\"866\" data-end=\"881\"><strong>dpr<\/strong><\/td>\n<td class=\"\" data-start=\"881\" data-end=\"903\"><strong>T\u00e4ienduse toimimine<\/strong><\/td>\n<td class=\"\" data-start=\"903\" data-end=\"913\"><strong>1 n\u00e4dal<\/strong><\/td>\n<td class=\"\" data-start=\"913\" data-end=\"925\"><strong>Facebook<\/strong><\/td>\n<\/tr>\n<tr data-start=\"926\" data-end=\"994\">\n<td class=\"\" data-start=\"926\" data-end=\"941\"><strong>act<\/strong><\/td>\n<td class=\"\" data-start=\"941\" data-end=\"963\"><strong>T\u00e4ienduse toimimine<\/strong><\/td>\n<td class=\"\" data-start=\"963\" data-end=\"982\"><strong>Sessiooni kestus<\/strong><\/td>\n<td class=\"\" data-start=\"982\" data-end=\"994\"><strong>Facebook<\/strong><\/td>\n<\/tr>\n<tr data-start=\"995\" data-end=\"1072\">\n<td class=\"\" data-start=\"995\" data-end=\"1010\"><strong>_lo_v<\/strong><\/td>\n<td class=\"\" data-start=\"1010\" data-end=\"1046\"><strong>Ghost Monitor t\u00e4ienduse toimimine<\/strong><\/td>\n<td class=\"\" data-start=\"1046\" data-end=\"1055\"><strong>3 kuud<\/strong><\/td>\n<td class=\"\" data-start=\"1055\" data-end=\"1072\"><strong>Ghost Monitor<\/strong><\/td>\n<\/tr>\n<tr data-start=\"1073\" data-end=\"1151\">\n<td class=\"\" data-start=\"1073\" data-end=\"1088\"><strong>__cfduid<\/strong><\/td>\n<td class=\"\" data-start=\"1088\" data-end=\"1124\"><strong>Ghost Monitor t\u00e4ienduse toimimine<\/strong><\/td>\n<td class=\"\" data-start=\"1124\" data-end=\"1134\"><strong>1 aasta<\/strong><\/td>\n<td class=\"\" data-start=\"1134\" data-end=\"1151\"><strong>Ghost Monitor<\/strong><\/td>\n<\/tr>\n<tr data-start=\"1152\" data-end=\"1230\">\n<td class=\"\" data-start=\"1152\" data-end=\"1167\"><strong>_lo_u<\/strong><\/td>\n<td class=\"\" data-start=\"1167\" data-end=\"1203\"><strong>Ghost Monitor t\u00e4ienduse toimimine<\/strong><\/td>\n<td class=\"\" data-start=\"1203\" data-end=\"1213\"><strong>1 aasta<\/strong><\/td>\n<td class=\"\" data-start=\"1213\" data-end=\"1230\"><strong>Ghost Monitor<\/strong><\/td>\n<\/tr>\n<tr data-start=\"1231\" data-end=\"1309\">\n<td class=\"\" data-start=\"1231\" data-end=\"1246\"><strong>_ga<\/strong><\/td>\n<td class=\"\" data-start=\"1246\" data-end=\"1282\"><strong>Ghost Monitor t\u00e4ienduse toimimine<\/strong><\/td>\n<td class=\"\" data-start=\"1282\" data-end=\"1292\"><strong>1 aasta<\/strong><\/td>\n<td class=\"\" data-start=\"1292\" data-end=\"1309\"><strong>Ghost Monitor<\/strong><\/td>\n<\/tr>\n<\/tbody>\n<\/table>\n<\/div>\n<\/div>\n<div class=\"pointer-events-none relative left-[50%] flex w-[100cqw] translate-x-[-50%] justify-center *:pointer-events-auto\">\n<div class=\"tableContainer horzScrollShadows\">\n<table class=\"min-w-full\" data-start=\"1311\" data-end=\"2118\">\n<thead data-start=\"1311\" data-end=\"1357\">\n<tr data-start=\"1311\" data-end=\"1357\">\n<th data-start=\"1311\" data-end=\"1326\"><strong>K\u00dcPSISE NIMI<\/strong><\/th>\n<th data-start=\"1326\" data-end=\"1336\"><strong>EESM\u00c4RK<\/strong><\/th>\n<th data-start=\"1336\" data-end=\"1345\"><strong>KESTUS<\/strong><\/th>\n<th data-start=\"1345\" data-end=\"1357\"><strong>ETTEV\u00d5TE<\/strong><\/th>\n<\/tr>\n<\/thead>\n<tbody data-start=\"1405\" data-end=\"2118\">\n<tr data-start=\"1405\" data-end=\"1481\">\n<td class=\"\" data-start=\"1405\" data-end=\"1420\"><strong>__utma<\/strong><\/td>\n<td class=\"\" data-start=\"1420\" data-end=\"1450\"><strong>Kasutaja k\u00fclastusstatistika<\/strong><\/td>\n<td class=\"\" data-start=\"1450\" data-end=\"1461\"><strong>2 aastat<\/strong><\/td>\n<td class=\"\" data-start=\"1461\" data-end=\"1481\"><strong>Google Analytics<\/strong><\/td>\n<\/tr>\n<tr data-start=\"1482\" data-end=\"1556\">\n<td class=\"\" data-start=\"1482\" data-end=\"1497\"><strong>__utmz<\/strong><\/td>\n<td class=\"\" data-start=\"1497\" data-end=\"1527\"><strong>Kasutaja k\u00fclastusstatistika<\/strong><\/td>\n<td class=\"\" data-start=\"1527\" data-end=\"1536\"><strong>6 kuud<\/strong><\/td>\n<td class=\"\" data-start=\"1536\" data-end=\"1556\"><strong>Google Analytics<\/strong><\/td>\n<\/tr>\n<tr data-start=\"1557\" data-end=\"1641\">\n<td class=\"\" data-start=\"1557\" data-end=\"1572\"><strong>__utmc<\/strong><\/td>\n<td class=\"\" data-start=\"1572\" data-end=\"1602\"><strong>Kasutaja k\u00fclastusstatistika<\/strong><\/td>\n<td class=\"\" data-start=\"1602\" data-end=\"1621\"><strong>Sessiooni kestus<\/strong><\/td>\n<td class=\"\" data-start=\"1621\" data-end=\"1641\"><strong>Google Analytics<\/strong><\/td>\n<\/tr>\n<tr data-start=\"1642\" data-end=\"1726\">\n<td class=\"\" data-start=\"1642\" data-end=\"1657\"><strong>__utmv<\/strong><\/td>\n<td class=\"\" data-start=\"1657\" data-end=\"1687\"><strong>Kasutaja k\u00fclastusstatistika<\/strong><\/td>\n<td class=\"\" data-start=\"1687\" data-end=\"1706\"><strong>Sessiooni kestus<\/strong><\/td>\n<td class=\"\" data-start=\"1706\" data-end=\"1726\"><strong>Google Analytics<\/strong><\/td>\n<\/tr>\n<tr data-start=\"1727\" data-end=\"1809\">\n<td class=\"\" data-start=\"1727\" data-end=\"1742\"><strong>__distillery<\/strong><\/td>\n<td class=\"\" data-start=\"1742\" data-end=\"1766\"><strong>Video esitusseade t\u00f6\u00f6<\/strong><\/td>\n<td class=\"\" data-start=\"1766\" data-end=\"1787\"><strong>linoexpress.com\/ee<\/strong><\/td>\n<td class=\"\" data-start=\"1787\" data-end=\"1809\"><strong>linoexpress.com\/ee<\/strong><\/td>\n<\/tr>\n<tr data-start=\"1810\" data-end=\"1917\">\n<td class=\"\" data-start=\"1810\" data-end=\"1838\"><strong>woocommerce_items_in_cart<\/strong><\/td>\n<td class=\"\" data-start=\"1838\" data-end=\"1874\"><strong>Veebisaidi t\u00f6\u00f6 linoexpress.com\/ee<\/strong><\/td>\n<td class=\"\" data-start=\"1874\" data-end=\"1895\"><strong>scroll-zone.com.eu<\/strong><\/td>\n<td class=\"\" data-start=\"1895\" data-end=\"1917\"><strong>linoexpress.com\/ee<\/strong><\/td>\n<\/tr>\n<tr data-start=\"1918\" data-end=\"2012\">\n<td class=\"\" data-start=\"1918\" data-end=\"1933\"><strong>__kla_id<\/strong><\/td>\n<td class=\"\" data-start=\"1933\" data-end=\"1969\"><strong>Veebisaidi t\u00f6\u00f6 linoexpress.com\/ee<\/strong><\/td>\n<td class=\"\" data-start=\"1969\" data-end=\"1990\"><strong>scroll-zone.com.eu<\/strong><\/td>\n<td class=\"\" data-start=\"1990\" data-end=\"2012\"><strong>linoexpress.com\/ee<\/strong><\/td>\n<\/tr>\n<tr data-start=\"2013\" data-end=\"2118\">\n<td class=\"\" data-start=\"2013\" data-end=\"2039\"><strong>wp_woocommerce_session_<\/strong><\/td>\n<td class=\"\" data-start=\"2039\" data-end=\"2075\"><strong>Veebisaidi t\u00f6\u00f6 linoexpress.com\/ee<\/strong><\/td>\n<td class=\"\" data-start=\"2075\" data-end=\"2096\"><strong>scroll-zone.com.eu<\/strong><\/td>\n<td class=\"\" data-start=\"2096\" data-end=\"2118\"><strong>linoexpress.com\/ee<\/strong><\/td>\n<\/tr>\n<\/tbody>\n<\/table>\n<\/div>\n<\/div>\n<p>&nbsp;<\/p>\n<p>&nbsp;<\/p>\n<p><strong>5. Eesm\u00e4rgid, milleks meie veebisaidil k\u00fcpsiseid kasutatakse<\/strong><\/p>\n<p>&nbsp;<\/p>\n<p>Meie veebisaidil kasutatakse k\u00fcpsiseid j\u00e4rgmistel eesm\u00e4rkidel:<\/p>\n<p>k\u00fclastajate tunnustamine nende j\u00e4rgmise k\u00fclastuse ajal,<br \/>\nsalvestades teie antud tootereitinguid,<br \/>\nveebisaidi anal\u00fc\u00fcs,<br \/>\nveebisaidi turvalisuse pakkumine,<br \/>\nteie ostukorvi sisu j\u00e4lgimine ja salvestamine (seansik\u00fcpsis),<br \/>\nk\u00fcpsis mittet\u00e4ieliku ostu kohta s\u00f5numi saatmiseks,<br \/>\nvideosisu k\u00e4itamine,<br \/>\nvestlusfunktsiooni toimimine veebisaidil ja<br \/>\nreklaam.<\/p>\n<p>6. Teie \u00f5igused isikuandmete t\u00f6\u00f6tlemisel k\u00fcpsiste abil<\/p>\n<p>Lisaks \u00fclalkirjeldatud k\u00fcpsiste s\u00e4tete muutmisele on teil v\u00f5imalus kasutada ka oma isikuandmete t\u00f6\u00f6tlemisega seotud \u00f5igusi. Need \u00f5igused on \u00fcksikasjalikult kirjeldatud meie privaatsuspoliitikas.<\/p>\n<p>&nbsp;<\/p>\n<p>7. Muudatused ja kontakt<\/p>\n<p>Seda k\u00fcpsiste poliitikat v\u00f5idakse igal ajal muuta. Uuendatud versioon avaldatakse aadressil: https:\/\/linoexpress.com\/ee\/<\/p>\n<p>K\u00fcsimuste korral v\u00f5i kui vajate k\u00fcpsiste v\u00f5i isikuandmete t\u00f6\u00f6tlemise kohta lisateavet, v\u00f5tke meiega \u00fchendust aadressil et@linoexpress.com<\/p>\n<p>&nbsp;<\/p>\n<p>ECTCEU d.o.o. Kamni\u0161ka cesta 24 \/ 1235 Radomlje \/ Slovenia \/ et@linoexpress.com<\/p>\n<p>Registreerimisasutus: Ljubljana ringkonnakohus \/ Aktsiakapital: 7500 EUR \/ IBAN SI56 1010 0005 7929 365 \/ KMKR ID: 37400223 \/ Ettev\u00f5tte registreerimisnumber: 8477493000<\/p>\n","protected":false},"excerpt":{"rendered":"<p>Ettev\u00f5te ECTCEU d.o.o. austab ja kaitseb teie privaatsust. Allpool on \u00fcksikasjalikum teave selle kohta, kuidas me teie isikuandmeid k\u00e4sitleme. See k\u00fcpsistepoliitika kirjeldab k\u00fcpsiste ja sarnaste tehnoloogiate kasutamisega kogutud andmete t\u00f6\u00f6tlemist. Need reeglid on koostatud koosk\u00f5las Euroopa Liidu andmekaitse \u00fcldm\u00e4\u00e4rusega (GDPR) ja kehtivate Sloveenia \u00f5igusaktidega. 1. K\u00fcpsiste kohta Mis on k\u00fcpsised ja miks neid vaja on? &hellip; <a href=\"https:\/\/linoexpress.com\/ee\/kupsiste-poliitika\/\">Continued<\/a><\/p>\n","protected":false},"author":4,"featured_media":0,"parent":0,"menu_order":0,"comment_status":"closed","ping_status":"closed","template":"","meta":{"inline_featured_image":false,"footnotes":""},"class_list":["post-1044","page","type-page","status-publish","hentry"],"acf":[],"_links":{"self":[{"href":"https:\/\/linoexpress.com\/ee\/wp-json\/wp\/v2\/pages\/1044","targetHints":{"allow":["GET"]}}],"collection":[{"href":"https:\/\/linoexpress.com\/ee\/wp-json\/wp\/v2\/pages"}],"about":[{"href":"https:\/\/linoexpress.com\/ee\/wp-json\/wp\/v2\/types\/page"}],"author":[{"embeddable":true,"href":"https:\/\/linoexpress.com\/ee\/wp-json\/wp\/v2\/users\/4"}],"replies":[{"embeddable":true,"href":"https:\/\/linoexpress.com\/ee\/wp-json\/wp\/v2\/comments?post=1044"}],"version-history":[{"count":5,"href":"https:\/\/linoexpress.com\/ee\/wp-json\/wp\/v2\/pages\/1044\/revisions"}],"predecessor-version":[{"id":11638,"href":"https:\/\/linoexpress.com\/ee\/wp-json\/wp\/v2\/pages\/1044\/revisions\/11638"}],"wp:attachment":[{"href":"https:\/\/linoexpress.com\/ee\/wp-json\/wp\/v2\/media?parent=1044"}],"curies":[{"name":"wp","href":"https:\/\/api.w.org\/{rel}","templated":true}]}}