{"id":98,"date":"2020-10-28T10:57:05","date_gmt":"2020-10-28T10:57:05","guid":{"rendered":"https:\/\/shopium.eu\/rs\/?page_id=98"},"modified":"2023-09-15T11:49:37","modified_gmt":"2023-09-15T09:49:37","slug":"tarne-ja-maksevoimalused","status":"publish","type":"page","link":"https:\/\/linoexpress.com\/ee\/tarne-ja-maksevoimalused\/","title":{"rendered":"Tarne- ja maksev\u00f5imalused"},"content":{"rendered":"<p>Kohaletoimetamine<\/p>\n<p>K\u00f5ik meie veebisaidil kuvatavad tooted on ka meie laos. Ostu sooritamisel on kliendil kohustus tasuda kauba k\u00e4ttesaamisel saatekulud, v\u00e4lja arvatud \u00fcksikute toodete tellimisel, millel on m\u00e4rge: &#8220;postikulu on hinna sees&#8221; v\u00f5i &#8220;tasuta kohaletoimetamine&#8221;. Tellimuste kohaletoimetamiseks kasutame Expedico tarneteenuseid. Meil on s\u00f5lmitud \u00e4rikoost\u00f6\u00f6 leping k\u00f5igi \u00fclaltoodud kullerteenustega. Tellitud toodete tarneaeg kestab 2-4 t\u00f6\u00f6p\u00e4eva (seoses COVID-19 olukorraga on v\u00f5imalik tarneaega pikendada). Tellitud tooted toimetatakse teie poolt tarneaadressiks m\u00e4rgitud aadressile.<\/p>\n<p>&nbsp;<\/p>\n<p>Saadetise j\u00e4lgimine<\/p>\n<p>Saate oma saadetist j\u00e4lgida selle lingi kaudu:\u00a0<a href=\"https:\/\/expedico.eu\/tracking\">https:\/\/expedico.eu\/tracking<\/a><\/p>\n<p>&nbsp;<\/p>\n<p>Makse<\/p>\n<p>Pakume teile mitmeid maksev\u00f5imalusi. Toote eest saate tasuda PayPali, krediitkaardi v\u00f5i sularahas kohaletoimetamise kaudu.<\/p>\n","protected":false},"excerpt":{"rendered":"<p>Kohaletoimetamine K\u00f5ik meie veebisaidil kuvatavad tooted on ka meie laos. Ostu sooritamisel on kliendil kohustus tasuda kauba k\u00e4ttesaamisel saatekulud, v\u00e4lja arvatud \u00fcksikute toodete tellimisel, millel on m\u00e4rge: &#8220;postikulu on hinna sees&#8221; v\u00f5i &#8220;tasuta kohaletoimetamine&#8221;. Tellimuste kohaletoimetamiseks kasutame Expedico tarneteenuseid. Meil on s\u00f5lmitud \u00e4rikoost\u00f6\u00f6 leping k\u00f5igi \u00fclaltoodud kullerteenustega. Tellitud toodete tarneaeg kestab 2-4 t\u00f6\u00f6p\u00e4eva (seoses COVID-19 &hellip; <a href=\"https:\/\/linoexpress.com\/ee\/tarne-ja-maksevoimalused\/\">Continued<\/a><\/p>\n","protected":false},"author":1,"featured_media":0,"parent":0,"menu_order":0,"comment_status":"closed","ping_status":"closed","template":"","meta":{"inline_featured_image":false,"footnotes":""},"class_list":["post-98","page","type-page","status-publish","hentry"],"acf":[],"_links":{"self":[{"href":"https:\/\/linoexpress.com\/ee\/wp-json\/wp\/v2\/pages\/98","targetHints":{"allow":["GET"]}}],"collection":[{"href":"https:\/\/linoexpress.com\/ee\/wp-json\/wp\/v2\/pages"}],"about":[{"href":"https:\/\/linoexpress.com\/ee\/wp-json\/wp\/v2\/types\/page"}],"author":[{"embeddable":true,"href":"https:\/\/linoexpress.com\/ee\/wp-json\/wp\/v2\/users\/1"}],"replies":[{"embeddable":true,"href":"https:\/\/linoexpress.com\/ee\/wp-json\/wp\/v2\/comments?post=98"}],"version-history":[{"count":13,"href":"https:\/\/linoexpress.com\/ee\/wp-json\/wp\/v2\/pages\/98\/revisions"}],"predecessor-version":[{"id":10607,"href":"https:\/\/linoexpress.com\/ee\/wp-json\/wp\/v2\/pages\/98\/revisions\/10607"}],"wp:attachment":[{"href":"https:\/\/linoexpress.com\/ee\/wp-json\/wp\/v2\/media?parent=98"}],"curies":[{"name":"wp","href":"https:\/\/api.w.org\/{rel}","templated":true}]}}