{"id":10573,"date":"2023-08-02T13:50:27","date_gmt":"2023-08-02T11:50:27","guid":{"rendered":"https:\/\/linoexpress.com\/ee\/?post_type=product&#038;p=10573"},"modified":"2025-12-08T20:20:17","modified_gmt":"2025-12-08T19:20:17","slug":"montessori-vaikne-raamat-lastele","status":"publish","type":"product","link":"https:\/\/linoexpress.com\/ee\/proizvod\/montessori-vaikne-raamat-lastele\/","title":{"rendered":"Montessori vaikne raamat lastele"},"content":{"rendered":"","protected":false},"excerpt":{"rendered":"<p>Montessori meetoditel p\u00f5hinevad raamatud pakuvad r\u00f5\u00f5mu igale lapsele ja h\u00f5lbustavad nende \u00f5ppimist l\u00e4bi m\u00e4ngu. Need raamatud on m\u00f5eldud laste oskuste, meelte ja kujutlusv\u00f5ime arendamiseks.<\/p>\n","protected":false},"featured_media":10380,"comment_status":"closed","ping_status":"closed","template":"","meta":{"inline_featured_image":false},"product_brand":[],"product_cat":[35,15],"product_tag":[],"class_list":{"0":"post-10573","1":"product","2":"type-product","3":"status-publish","4":"has-post-thumbnail","6":"product_cat-fun","7":"product_cat-uncategorized","9":"first","10":"instock","11":"sale","12":"taxable","13":"shipping-taxable","14":"purchasable","15":"product-type-variable"},"acf":[],"_links":{"self":[{"href":"https:\/\/linoexpress.com\/ee\/wp-json\/wp\/v2\/product\/10573","targetHints":{"allow":["GET"]}}],"collection":[{"href":"https:\/\/linoexpress.com\/ee\/wp-json\/wp\/v2\/product"}],"about":[{"href":"https:\/\/linoexpress.com\/ee\/wp-json\/wp\/v2\/types\/product"}],"replies":[{"embeddable":true,"href":"https:\/\/linoexpress.com\/ee\/wp-json\/wp\/v2\/comments?post=10573"}],"wp:featuredmedia":[{"embeddable":true,"href":"https:\/\/linoexpress.com\/ee\/wp-json\/wp\/v2\/media\/10380"}],"wp:attachment":[{"href":"https:\/\/linoexpress.com\/ee\/wp-json\/wp\/v2\/media?parent=10573"}],"wp:term":[{"taxonomy":"product_brand","embeddable":true,"href":"https:\/\/linoexpress.com\/ee\/wp-json\/wp\/v2\/product_brand?post=10573"},{"taxonomy":"product_cat","embeddable":true,"href":"https:\/\/linoexpress.com\/ee\/wp-json\/wp\/v2\/product_cat?post=10573"},{"taxonomy":"product_tag","embeddable":true,"href":"https:\/\/linoexpress.com\/ee\/wp-json\/wp\/v2\/product_tag?post=10573"}],"curies":[{"name":"wp","href":"https:\/\/api.w.org\/{rel}","templated":true}]}}