{"id":10889,"date":"2024-05-28T09:20:16","date_gmt":"2024-05-28T07:20:16","guid":{"rendered":"https:\/\/linoexpress.com\/ee\/?post_type=product&#038;p=10889"},"modified":"2024-06-06T15:13:31","modified_gmt":"2024-06-06T13:13:31","slug":"reguleeritav-oksasaag","status":"publish","type":"product","link":"https:\/\/linoexpress.com\/ee\/proizvod\/reguleeritav-oksasaag\/","title":{"rendered":"Reguleeritav oksasaag"},"content":{"rendered":"","protected":false},"excerpt":{"rendered":"<p>Seda praktilist saagi saab vastavalt l\u00f5ikevajadusele kokku voltida v\u00f5i pikendada. Kohandage see konkreetse t\u00f6\u00f6ga, mida teete, ja saavutage optimaalsed t\u00f6\u00f6tulemused.<\/p>\n","protected":false},"featured_media":10897,"comment_status":"closed","ping_status":"closed","template":"","meta":{"inline_featured_image":false},"product_brand":[],"product_cat":[27,15],"product_tag":[],"class_list":{"0":"post-10889","1":"product","2":"type-product","3":"status-publish","4":"has-post-thumbnail","6":"product_cat-home","7":"product_cat-uncategorized","9":"first","10":"instock","11":"sale","12":"taxable","13":"shipping-taxable","14":"purchasable","15":"product-type-simple"},"acf":[],"_links":{"self":[{"href":"https:\/\/linoexpress.com\/ee\/wp-json\/wp\/v2\/product\/10889","targetHints":{"allow":["GET"]}}],"collection":[{"href":"https:\/\/linoexpress.com\/ee\/wp-json\/wp\/v2\/product"}],"about":[{"href":"https:\/\/linoexpress.com\/ee\/wp-json\/wp\/v2\/types\/product"}],"replies":[{"embeddable":true,"href":"https:\/\/linoexpress.com\/ee\/wp-json\/wp\/v2\/comments?post=10889"}],"wp:featuredmedia":[{"embeddable":true,"href":"https:\/\/linoexpress.com\/ee\/wp-json\/wp\/v2\/media\/10897"}],"wp:attachment":[{"href":"https:\/\/linoexpress.com\/ee\/wp-json\/wp\/v2\/media?parent=10889"}],"wp:term":[{"taxonomy":"product_brand","embeddable":true,"href":"https:\/\/linoexpress.com\/ee\/wp-json\/wp\/v2\/product_brand?post=10889"},{"taxonomy":"product_cat","embeddable":true,"href":"https:\/\/linoexpress.com\/ee\/wp-json\/wp\/v2\/product_cat?post=10889"},{"taxonomy":"product_tag","embeddable":true,"href":"https:\/\/linoexpress.com\/ee\/wp-json\/wp\/v2\/product_tag?post=10889"}],"curies":[{"name":"wp","href":"https:\/\/api.w.org\/{rel}","templated":true}]}}