{"id":10904,"date":"2024-05-28T12:22:42","date_gmt":"2024-05-28T10:22:42","guid":{"rendered":"https:\/\/linoexpress.com\/ee\/?post_type=product&#038;p=10904"},"modified":"2024-09-24T12:06:46","modified_gmt":"2024-09-24T10:06:46","slug":"montessori-magnetmang-matemaatika-oppimiseks","status":"publish","type":"product","link":"https:\/\/linoexpress.com\/ee\/proizvod\/montessori-magnetmang-matemaatika-oppimiseks\/","title":{"rendered":"Montessori magnetm\u00e4ng matemaatika \u00f5ppimiseks"},"content":{"rendered":"","protected":false},"excerpt":{"rendered":"<p>Uuenduslik l\u00e4henemine matemaatiliste toimingute \u00f5petamisele. \u00d5petage lastele matemaatikat m\u00e4ngu ja visuaalsete esituste kaudu!<\/p>\n","protected":false},"featured_media":10907,"comment_status":"closed","ping_status":"closed","template":"","meta":{"inline_featured_image":false},"product_brand":[],"product_cat":[35,15],"product_tag":[],"class_list":{"0":"post-10904","1":"product","2":"type-product","3":"status-publish","4":"has-post-thumbnail","6":"product_cat-fun","7":"product_cat-uncategorized","9":"first","10":"instock","11":"sale","12":"taxable","13":"shipping-taxable","14":"purchasable","15":"product-type-simple"},"acf":[],"_links":{"self":[{"href":"https:\/\/linoexpress.com\/ee\/wp-json\/wp\/v2\/product\/10904","targetHints":{"allow":["GET"]}}],"collection":[{"href":"https:\/\/linoexpress.com\/ee\/wp-json\/wp\/v2\/product"}],"about":[{"href":"https:\/\/linoexpress.com\/ee\/wp-json\/wp\/v2\/types\/product"}],"replies":[{"embeddable":true,"href":"https:\/\/linoexpress.com\/ee\/wp-json\/wp\/v2\/comments?post=10904"}],"wp:featuredmedia":[{"embeddable":true,"href":"https:\/\/linoexpress.com\/ee\/wp-json\/wp\/v2\/media\/10907"}],"wp:attachment":[{"href":"https:\/\/linoexpress.com\/ee\/wp-json\/wp\/v2\/media?parent=10904"}],"wp:term":[{"taxonomy":"product_brand","embeddable":true,"href":"https:\/\/linoexpress.com\/ee\/wp-json\/wp\/v2\/product_brand?post=10904"},{"taxonomy":"product_cat","embeddable":true,"href":"https:\/\/linoexpress.com\/ee\/wp-json\/wp\/v2\/product_cat?post=10904"},{"taxonomy":"product_tag","embeddable":true,"href":"https:\/\/linoexpress.com\/ee\/wp-json\/wp\/v2\/product_tag?post=10904"}],"curies":[{"name":"wp","href":"https:\/\/api.w.org\/{rel}","templated":true}]}}