{"id":10910,"date":"2024-05-28T15:24:13","date_gmt":"2024-05-28T13:24:13","guid":{"rendered":"https:\/\/linoexpress.com\/ee\/?post_type=product&#038;p=10910"},"modified":"2024-09-09T15:16:15","modified_gmt":"2024-09-09T13:16:15","slug":"vaikne-korvpall","status":"publish","type":"product","link":"https:\/\/linoexpress.com\/ee\/proizvod\/vaikne-korvpall\/","title":{"rendered":"Vaikne korvpall"},"content":{"rendered":"","protected":false},"excerpt":{"rendered":"<p>Korteris v\u00f5i majas m\u00e4ngimiseks m\u00f5eldud vaikne pall sobib suurep\u00e4raselt l\u00f5butsemiseks ilma suuremat m\u00fcra tekitamata!<\/p>\n","protected":false},"featured_media":10913,"comment_status":"closed","ping_status":"closed","template":"","meta":{"inline_featured_image":false},"product_brand":[],"product_cat":[35,15],"product_tag":[],"class_list":{"0":"post-10910","1":"product","2":"type-product","3":"status-publish","4":"has-post-thumbnail","6":"product_cat-fun","7":"product_cat-uncategorized","9":"first","10":"instock","11":"sale","12":"taxable","13":"shipping-taxable","14":"purchasable","15":"product-type-simple"},"acf":[],"_links":{"self":[{"href":"https:\/\/linoexpress.com\/ee\/wp-json\/wp\/v2\/product\/10910","targetHints":{"allow":["GET"]}}],"collection":[{"href":"https:\/\/linoexpress.com\/ee\/wp-json\/wp\/v2\/product"}],"about":[{"href":"https:\/\/linoexpress.com\/ee\/wp-json\/wp\/v2\/types\/product"}],"replies":[{"embeddable":true,"href":"https:\/\/linoexpress.com\/ee\/wp-json\/wp\/v2\/comments?post=10910"}],"wp:featuredmedia":[{"embeddable":true,"href":"https:\/\/linoexpress.com\/ee\/wp-json\/wp\/v2\/media\/10913"}],"wp:attachment":[{"href":"https:\/\/linoexpress.com\/ee\/wp-json\/wp\/v2\/media?parent=10910"}],"wp:term":[{"taxonomy":"product_brand","embeddable":true,"href":"https:\/\/linoexpress.com\/ee\/wp-json\/wp\/v2\/product_brand?post=10910"},{"taxonomy":"product_cat","embeddable":true,"href":"https:\/\/linoexpress.com\/ee\/wp-json\/wp\/v2\/product_cat?post=10910"},{"taxonomy":"product_tag","embeddable":true,"href":"https:\/\/linoexpress.com\/ee\/wp-json\/wp\/v2\/product_tag?post=10910"}],"curies":[{"name":"wp","href":"https:\/\/api.w.org\/{rel}","templated":true}]}}