{"id":10960,"date":"2024-06-07T14:19:35","date_gmt":"2024-06-07T12:19:35","guid":{"rendered":"https:\/\/linoexpress.com\/ee\/?post_type=product&#038;p=10960"},"modified":"2024-08-20T12:29:51","modified_gmt":"2024-08-20T10:29:51","slug":"drift-rc-auto","status":"publish","type":"product","link":"https:\/\/linoexpress.com\/ee\/proizvod\/drift-rc-auto\/","title":{"rendered":"Puldiga driftiauto"},"content":{"rendered":"","protected":false},"excerpt":{"rendered":"<p>Muutke oma kodu m\u00e4nguautode driftirajaks. Ebatavaline m\u00e4nguviis hoiab teie t\u00e4helepanu pikka aega ja pakub unustamatut l\u00f5bu!<\/p>\n","protected":false},"featured_media":10962,"comment_status":"closed","ping_status":"closed","template":"","meta":{"inline_featured_image":false},"product_brand":[],"product_cat":[35,15],"product_tag":[],"class_list":{"0":"post-10960","1":"product","2":"type-product","3":"status-publish","4":"has-post-thumbnail","6":"product_cat-fun","7":"product_cat-uncategorized","9":"first","10":"instock","11":"sale","12":"taxable","13":"shipping-taxable","14":"purchasable","15":"product-type-simple"},"acf":[],"_links":{"self":[{"href":"https:\/\/linoexpress.com\/ee\/wp-json\/wp\/v2\/product\/10960","targetHints":{"allow":["GET"]}}],"collection":[{"href":"https:\/\/linoexpress.com\/ee\/wp-json\/wp\/v2\/product"}],"about":[{"href":"https:\/\/linoexpress.com\/ee\/wp-json\/wp\/v2\/types\/product"}],"replies":[{"embeddable":true,"href":"https:\/\/linoexpress.com\/ee\/wp-json\/wp\/v2\/comments?post=10960"}],"wp:featuredmedia":[{"embeddable":true,"href":"https:\/\/linoexpress.com\/ee\/wp-json\/wp\/v2\/media\/10962"}],"wp:attachment":[{"href":"https:\/\/linoexpress.com\/ee\/wp-json\/wp\/v2\/media?parent=10960"}],"wp:term":[{"taxonomy":"product_brand","embeddable":true,"href":"https:\/\/linoexpress.com\/ee\/wp-json\/wp\/v2\/product_brand?post=10960"},{"taxonomy":"product_cat","embeddable":true,"href":"https:\/\/linoexpress.com\/ee\/wp-json\/wp\/v2\/product_cat?post=10960"},{"taxonomy":"product_tag","embeddable":true,"href":"https:\/\/linoexpress.com\/ee\/wp-json\/wp\/v2\/product_tag?post=10960"}],"curies":[{"name":"wp","href":"https:\/\/api.w.org\/{rel}","templated":true}]}}