{"id":10976,"date":"2024-06-07T15:12:37","date_gmt":"2024-06-07T13:12:37","guid":{"rendered":"https:\/\/linoexpress.com\/ee\/?post_type=product&#038;p=10976"},"modified":"2024-06-07T15:18:10","modified_gmt":"2024-06-07T13:18:10","slug":"suvine-pushup-rinnahoidja-ilma-rihmadeta","status":"publish","type":"product","link":"https:\/\/linoexpress.com\/ee\/proizvod\/suvine-pushup-rinnahoidja-ilma-rihmadeta\/","title":{"rendered":"Suvine pushup rinnahoidja ilma rihmadeta"},"content":{"rendered":"","protected":false},"excerpt":{"rendered":"<p>T\u00f5stke oma rindu s\u00fcgavama kaelusega suurejoonelise ilme saamiseks igaks juhuks ja kombinatsiooniks.See PusUpi rihmadeta rinnahoidja j\u00e4\u00e4b peidus iga riietuse alla.<\/p>\n<p>AB &#8211; sobib A\/B korvile<br \/>\nCD &#8211; sobib C\/D korvi<br \/>\nEF &#8211; sobib E\/F korvile<\/p>\n","protected":false},"featured_media":3927,"comment_status":"closed","ping_status":"closed","template":"","meta":{"inline_featured_image":false},"product_brand":[],"product_cat":[28,26,15],"product_tag":[],"class_list":{"0":"post-10976","1":"product","2":"type-product","3":"status-publish","4":"has-post-thumbnail","6":"product_cat-beauty","7":"product_cat-tervis","8":"product_cat-uncategorized","10":"first","11":"instock","12":"sale","13":"taxable","14":"shipping-taxable","15":"purchasable","16":"product-type-variable"},"acf":[],"_links":{"self":[{"href":"https:\/\/linoexpress.com\/ee\/wp-json\/wp\/v2\/product\/10976","targetHints":{"allow":["GET"]}}],"collection":[{"href":"https:\/\/linoexpress.com\/ee\/wp-json\/wp\/v2\/product"}],"about":[{"href":"https:\/\/linoexpress.com\/ee\/wp-json\/wp\/v2\/types\/product"}],"replies":[{"embeddable":true,"href":"https:\/\/linoexpress.com\/ee\/wp-json\/wp\/v2\/comments?post=10976"}],"wp:featuredmedia":[{"embeddable":true,"href":"https:\/\/linoexpress.com\/ee\/wp-json\/wp\/v2\/media\/3927"}],"wp:attachment":[{"href":"https:\/\/linoexpress.com\/ee\/wp-json\/wp\/v2\/media?parent=10976"}],"wp:term":[{"taxonomy":"product_brand","embeddable":true,"href":"https:\/\/linoexpress.com\/ee\/wp-json\/wp\/v2\/product_brand?post=10976"},{"taxonomy":"product_cat","embeddable":true,"href":"https:\/\/linoexpress.com\/ee\/wp-json\/wp\/v2\/product_cat?post=10976"},{"taxonomy":"product_tag","embeddable":true,"href":"https:\/\/linoexpress.com\/ee\/wp-json\/wp\/v2\/product_tag?post=10976"}],"curies":[{"name":"wp","href":"https:\/\/api.w.org\/{rel}","templated":true}]}}