{"id":11077,"date":"2024-09-02T13:19:31","date_gmt":"2024-09-02T11:19:31","guid":{"rendered":"https:\/\/linoexpress.com\/ee\/?post_type=product&#038;p=11077"},"modified":"2024-09-02T13:28:11","modified_gmt":"2024-09-02T11:28:11","slug":"multifunktsionaalne-treeningseade","status":"publish","type":"product","link":"https:\/\/linoexpress.com\/ee\/proizvod\/multifunktsionaalne-treeningseade\/","title":{"rendered":"Multifunktsionaalne treeningseade"},"content":{"rendered":"","protected":false},"excerpt":{"rendered":"<p>Ideaalne seade k\u00f5igi lihaste tugevdamiseks ja pingutamiseks! Pingutage ja tugevdage selga, \u00f5lgu, k\u00e4si, rindkere, triitsepsit ja k\u00f5htu, sealhulgas puusapainutajaid. Saavutage tippvormi \u00fche seadmega!<\/p>\n","protected":false},"featured_media":11088,"comment_status":"closed","ping_status":"closed","template":"","meta":{"inline_featured_image":false},"product_brand":[],"product_cat":[28,26,15],"product_tag":[],"class_list":{"0":"post-11077","1":"product","2":"type-product","3":"status-publish","4":"has-post-thumbnail","6":"product_cat-beauty","7":"product_cat-tervis","8":"product_cat-uncategorized","10":"first","11":"instock","12":"sale","13":"taxable","14":"shipping-taxable","15":"purchasable","16":"product-type-simple"},"acf":[],"_links":{"self":[{"href":"https:\/\/linoexpress.com\/ee\/wp-json\/wp\/v2\/product\/11077","targetHints":{"allow":["GET"]}}],"collection":[{"href":"https:\/\/linoexpress.com\/ee\/wp-json\/wp\/v2\/product"}],"about":[{"href":"https:\/\/linoexpress.com\/ee\/wp-json\/wp\/v2\/types\/product"}],"replies":[{"embeddable":true,"href":"https:\/\/linoexpress.com\/ee\/wp-json\/wp\/v2\/comments?post=11077"}],"wp:featuredmedia":[{"embeddable":true,"href":"https:\/\/linoexpress.com\/ee\/wp-json\/wp\/v2\/media\/11088"}],"wp:attachment":[{"href":"https:\/\/linoexpress.com\/ee\/wp-json\/wp\/v2\/media?parent=11077"}],"wp:term":[{"taxonomy":"product_brand","embeddable":true,"href":"https:\/\/linoexpress.com\/ee\/wp-json\/wp\/v2\/product_brand?post=11077"},{"taxonomy":"product_cat","embeddable":true,"href":"https:\/\/linoexpress.com\/ee\/wp-json\/wp\/v2\/product_cat?post=11077"},{"taxonomy":"product_tag","embeddable":true,"href":"https:\/\/linoexpress.com\/ee\/wp-json\/wp\/v2\/product_tag?post=11077"}],"curies":[{"name":"wp","href":"https:\/\/api.w.org\/{rel}","templated":true}]}}