{"id":11110,"date":"2024-09-10T09:46:58","date_gmt":"2024-09-10T07:46:58","guid":{"rendered":"https:\/\/linoexpress.com\/ee\/?post_type=product&#038;p=11110"},"modified":"2025-07-24T14:26:16","modified_gmt":"2025-07-24T12:26:16","slug":"voimas-magnetiseerija-desaktivaator","status":"publish","type":"product","link":"https:\/\/linoexpress.com\/ee\/proizvod\/voimas-magnetiseerija-desaktivaator\/","title":{"rendered":"V\u00f5imas magnetiseerija desaktivaator"},"content":{"rendered":"","protected":false},"excerpt":{"rendered":"<p>See desaktivaator mitte ainult ei eemalda riietelt j\u00e4lgi, vaid s\u00e4\u00e4stab teie aega ja raha!<\/p>\n","protected":false},"featured_media":11112,"comment_status":"closed","ping_status":"closed","template":"","meta":{"inline_featured_image":false},"product_brand":[],"product_cat":[27,15],"product_tag":[],"class_list":{"0":"post-11110","1":"product","2":"type-product","3":"status-publish","4":"has-post-thumbnail","6":"product_cat-home","7":"product_cat-uncategorized","9":"first","10":"instock","11":"sale","12":"taxable","13":"shipping-taxable","14":"purchasable","15":"product-type-simple"},"acf":[],"_links":{"self":[{"href":"https:\/\/linoexpress.com\/ee\/wp-json\/wp\/v2\/product\/11110","targetHints":{"allow":["GET"]}}],"collection":[{"href":"https:\/\/linoexpress.com\/ee\/wp-json\/wp\/v2\/product"}],"about":[{"href":"https:\/\/linoexpress.com\/ee\/wp-json\/wp\/v2\/types\/product"}],"replies":[{"embeddable":true,"href":"https:\/\/linoexpress.com\/ee\/wp-json\/wp\/v2\/comments?post=11110"}],"wp:featuredmedia":[{"embeddable":true,"href":"https:\/\/linoexpress.com\/ee\/wp-json\/wp\/v2\/media\/11112"}],"wp:attachment":[{"href":"https:\/\/linoexpress.com\/ee\/wp-json\/wp\/v2\/media?parent=11110"}],"wp:term":[{"taxonomy":"product_brand","embeddable":true,"href":"https:\/\/linoexpress.com\/ee\/wp-json\/wp\/v2\/product_brand?post=11110"},{"taxonomy":"product_cat","embeddable":true,"href":"https:\/\/linoexpress.com\/ee\/wp-json\/wp\/v2\/product_cat?post=11110"},{"taxonomy":"product_tag","embeddable":true,"href":"https:\/\/linoexpress.com\/ee\/wp-json\/wp\/v2\/product_tag?post=11110"}],"curies":[{"name":"wp","href":"https:\/\/api.w.org\/{rel}","templated":true}]}}