{"id":11119,"date":"2024-09-11T14:01:33","date_gmt":"2024-09-11T12:01:33","guid":{"rendered":"https:\/\/linoexpress.com\/ee\/?post_type=product&#038;p=11119"},"modified":"2024-09-11T14:11:59","modified_gmt":"2024-09-11T12:11:59","slug":"huvitav-rekvisiit-oue","status":"publish","type":"product","link":"https:\/\/linoexpress.com\/ee\/proizvod\/huvitav-rekvisiit-oue\/","title":{"rendered":"Huvitav rekvisiit \u00f5ue"},"content":{"rendered":"","protected":false},"excerpt":{"rendered":"<p>Tehke oma \u00f5uele v\u00f5i kodule Halloweeni k\u00f5ige hirmutavam kaunistus. Ainulaadne viis \u00f5ue kaunistamiseks!<\/p>\n","protected":false},"featured_media":11127,"comment_status":"closed","ping_status":"closed","template":"","meta":{"inline_featured_image":false},"product_brand":[],"product_cat":[35,15],"product_tag":[],"class_list":{"0":"post-11119","1":"product","2":"type-product","3":"status-publish","4":"has-post-thumbnail","6":"product_cat-fun","7":"product_cat-uncategorized","9":"first","10":"instock","11":"sale","12":"taxable","13":"shipping-taxable","14":"purchasable","15":"product-type-simple"},"acf":[],"_links":{"self":[{"href":"https:\/\/linoexpress.com\/ee\/wp-json\/wp\/v2\/product\/11119","targetHints":{"allow":["GET"]}}],"collection":[{"href":"https:\/\/linoexpress.com\/ee\/wp-json\/wp\/v2\/product"}],"about":[{"href":"https:\/\/linoexpress.com\/ee\/wp-json\/wp\/v2\/types\/product"}],"replies":[{"embeddable":true,"href":"https:\/\/linoexpress.com\/ee\/wp-json\/wp\/v2\/comments?post=11119"}],"wp:featuredmedia":[{"embeddable":true,"href":"https:\/\/linoexpress.com\/ee\/wp-json\/wp\/v2\/media\/11127"}],"wp:attachment":[{"href":"https:\/\/linoexpress.com\/ee\/wp-json\/wp\/v2\/media?parent=11119"}],"wp:term":[{"taxonomy":"product_brand","embeddable":true,"href":"https:\/\/linoexpress.com\/ee\/wp-json\/wp\/v2\/product_brand?post=11119"},{"taxonomy":"product_cat","embeddable":true,"href":"https:\/\/linoexpress.com\/ee\/wp-json\/wp\/v2\/product_cat?post=11119"},{"taxonomy":"product_tag","embeddable":true,"href":"https:\/\/linoexpress.com\/ee\/wp-json\/wp\/v2\/product_tag?post=11119"}],"curies":[{"name":"wp","href":"https:\/\/api.w.org\/{rel}","templated":true}]}}