{"id":11152,"date":"2024-09-24T12:41:11","date_gmt":"2024-09-24T10:41:11","guid":{"rendered":"https:\/\/linoexpress.com\/ee\/?post_type=product&#038;p=11152"},"modified":"2024-10-14T11:11:27","modified_gmt":"2024-10-14T09:11:27","slug":"11-tasuta-hoiupank","status":"publish","type":"product","link":"https:\/\/linoexpress.com\/ee\/proizvod\/11-tasuta-hoiupank\/","title":{"rendered":"1+1 TASUTA Hoiupank"},"content":{"rendered":"","protected":false},"excerpt":{"rendered":"<p>See praktiline s\u00e4\u00e4stuplaani kast viib teid lihtsalt ja lihtsalt oma eesm\u00e4rgini. S\u00e4\u00e4stke raha stressivabalt ja l\u00f5busalt!<\/p>\n","protected":false},"featured_media":10883,"comment_status":"closed","ping_status":"closed","template":"","meta":{"inline_featured_image":false},"product_brand":[],"product_cat":[35,15],"product_tag":[],"class_list":{"0":"post-11152","1":"product","2":"type-product","3":"status-publish","4":"has-post-thumbnail","6":"product_cat-fun","7":"product_cat-uncategorized","9":"first","10":"instock","11":"sale","12":"taxable","13":"shipping-taxable","14":"purchasable","15":"product-type-simple"},"acf":[],"_links":{"self":[{"href":"https:\/\/linoexpress.com\/ee\/wp-json\/wp\/v2\/product\/11152","targetHints":{"allow":["GET"]}}],"collection":[{"href":"https:\/\/linoexpress.com\/ee\/wp-json\/wp\/v2\/product"}],"about":[{"href":"https:\/\/linoexpress.com\/ee\/wp-json\/wp\/v2\/types\/product"}],"replies":[{"embeddable":true,"href":"https:\/\/linoexpress.com\/ee\/wp-json\/wp\/v2\/comments?post=11152"}],"wp:featuredmedia":[{"embeddable":true,"href":"https:\/\/linoexpress.com\/ee\/wp-json\/wp\/v2\/media\/10883"}],"wp:attachment":[{"href":"https:\/\/linoexpress.com\/ee\/wp-json\/wp\/v2\/media?parent=11152"}],"wp:term":[{"taxonomy":"product_brand","embeddable":true,"href":"https:\/\/linoexpress.com\/ee\/wp-json\/wp\/v2\/product_brand?post=11152"},{"taxonomy":"product_cat","embeddable":true,"href":"https:\/\/linoexpress.com\/ee\/wp-json\/wp\/v2\/product_cat?post=11152"},{"taxonomy":"product_tag","embeddable":true,"href":"https:\/\/linoexpress.com\/ee\/wp-json\/wp\/v2\/product_tag?post=11152"}],"curies":[{"name":"wp","href":"https:\/\/api.w.org\/{rel}","templated":true}]}}