{"id":11174,"date":"2024-10-28T10:29:28","date_gmt":"2024-10-28T09:29:28","guid":{"rendered":"https:\/\/linoexpress.com\/ee\/?post_type=product&#038;p=11174"},"modified":"2024-12-01T17:35:40","modified_gmt":"2024-12-01T16:35:40","slug":"advendikalender-raamatusopradele","status":"publish","type":"product","link":"https:\/\/linoexpress.com\/ee\/proizvod\/advendikalender-raamatusopradele\/","title":{"rendered":"J\u00f5ulukalender kingitustega"},"content":{"rendered":"","protected":false},"excerpt":{"rendered":"<p>Tee p\u00fchade-eelsed p\u00e4evad s\u00e4ravaks selle imelise advendikalendri ja \u00fcllatustega, mis see sulle varuks on!<\/p>\n","protected":false},"featured_media":11178,"comment_status":"closed","ping_status":"closed","template":"","meta":{"inline_featured_image":false},"product_brand":[],"product_cat":[35,15],"product_tag":[],"class_list":{"0":"post-11174","1":"product","2":"type-product","3":"status-publish","4":"has-post-thumbnail","6":"product_cat-fun","7":"product_cat-uncategorized","9":"first","10":"instock","11":"sale","12":"taxable","13":"shipping-taxable","14":"purchasable","15":"product-type-simple"},"acf":[],"_links":{"self":[{"href":"https:\/\/linoexpress.com\/ee\/wp-json\/wp\/v2\/product\/11174","targetHints":{"allow":["GET"]}}],"collection":[{"href":"https:\/\/linoexpress.com\/ee\/wp-json\/wp\/v2\/product"}],"about":[{"href":"https:\/\/linoexpress.com\/ee\/wp-json\/wp\/v2\/types\/product"}],"replies":[{"embeddable":true,"href":"https:\/\/linoexpress.com\/ee\/wp-json\/wp\/v2\/comments?post=11174"}],"wp:featuredmedia":[{"embeddable":true,"href":"https:\/\/linoexpress.com\/ee\/wp-json\/wp\/v2\/media\/11178"}],"wp:attachment":[{"href":"https:\/\/linoexpress.com\/ee\/wp-json\/wp\/v2\/media?parent=11174"}],"wp:term":[{"taxonomy":"product_brand","embeddable":true,"href":"https:\/\/linoexpress.com\/ee\/wp-json\/wp\/v2\/product_brand?post=11174"},{"taxonomy":"product_cat","embeddable":true,"href":"https:\/\/linoexpress.com\/ee\/wp-json\/wp\/v2\/product_cat?post=11174"},{"taxonomy":"product_tag","embeddable":true,"href":"https:\/\/linoexpress.com\/ee\/wp-json\/wp\/v2\/product_tag?post=11174"}],"curies":[{"name":"wp","href":"https:\/\/api.w.org\/{rel}","templated":true}]}}