{"id":11180,"date":"2024-10-28T11:54:12","date_gmt":"2024-10-28T10:54:12","guid":{"rendered":"https:\/\/linoexpress.com\/ee\/?post_type=product&#038;p=11180"},"modified":"2025-09-18T10:16:00","modified_gmt":"2025-09-18T08:16:00","slug":"loogastavad-miniraamaturiiulid","status":"publish","type":"product","link":"https:\/\/linoexpress.com\/ee\/proizvod\/loogastavad-miniraamaturiiulid\/","title":{"rendered":"L\u00f5\u00f5gastavad miniraamaturiiulid"},"content":{"rendered":"","protected":false},"excerpt":{"rendered":"<p>Vabane \u00e4revusest ja pingetest selle l\u00f5\u00f5gastava v\u00e4ikese raamaturiiuliga. Pane raamatud korda ja leia oma rahu!<\/p>\n","protected":false},"featured_media":11184,"comment_status":"closed","ping_status":"closed","template":"","meta":{"inline_featured_image":false},"product_brand":[],"product_cat":[27,35,15],"product_tag":[],"class_list":{"0":"post-11180","1":"product","2":"type-product","3":"status-publish","4":"has-post-thumbnail","6":"product_cat-home","7":"product_cat-fun","8":"product_cat-uncategorized","10":"first","11":"instock","12":"sale","13":"taxable","14":"shipping-taxable","15":"purchasable","16":"product-type-simple"},"acf":[],"_links":{"self":[{"href":"https:\/\/linoexpress.com\/ee\/wp-json\/wp\/v2\/product\/11180","targetHints":{"allow":["GET"]}}],"collection":[{"href":"https:\/\/linoexpress.com\/ee\/wp-json\/wp\/v2\/product"}],"about":[{"href":"https:\/\/linoexpress.com\/ee\/wp-json\/wp\/v2\/types\/product"}],"replies":[{"embeddable":true,"href":"https:\/\/linoexpress.com\/ee\/wp-json\/wp\/v2\/comments?post=11180"}],"wp:featuredmedia":[{"embeddable":true,"href":"https:\/\/linoexpress.com\/ee\/wp-json\/wp\/v2\/media\/11184"}],"wp:attachment":[{"href":"https:\/\/linoexpress.com\/ee\/wp-json\/wp\/v2\/media?parent=11180"}],"wp:term":[{"taxonomy":"product_brand","embeddable":true,"href":"https:\/\/linoexpress.com\/ee\/wp-json\/wp\/v2\/product_brand?post=11180"},{"taxonomy":"product_cat","embeddable":true,"href":"https:\/\/linoexpress.com\/ee\/wp-json\/wp\/v2\/product_cat?post=11180"},{"taxonomy":"product_tag","embeddable":true,"href":"https:\/\/linoexpress.com\/ee\/wp-json\/wp\/v2\/product_tag?post=11180"}],"curies":[{"name":"wp","href":"https:\/\/api.w.org\/{rel}","templated":true}]}}