{"id":11202,"date":"2024-10-31T09:16:07","date_gmt":"2024-10-31T08:16:07","guid":{"rendered":"https:\/\/linoexpress.com\/ee\/?post_type=product&#038;p=11202"},"modified":"2024-11-16T11:22:00","modified_gmt":"2024-11-16T10:22:00","slug":"minikomplekt-omblemise-pohitodede-jaoks","status":"publish","type":"product","link":"https:\/\/linoexpress.com\/ee\/proizvod\/minikomplekt-omblemise-pohitodede-jaoks\/","title":{"rendered":"Minikomplekt \u00f5mblemise p\u00f5hit\u00f5dede jaoks"},"content":{"rendered":"","protected":false},"excerpt":{"rendered":"<p>Armas ja praktiline \u00f5mbluskomplekt algajatele ja \u00f5mblushuvilistele!<\/p>\n","protected":false},"featured_media":11203,"comment_status":"closed","ping_status":"closed","template":"","meta":{"inline_featured_image":false},"product_brand":[],"product_cat":[35,15],"product_tag":[],"class_list":{"0":"post-11202","1":"product","2":"type-product","3":"status-publish","4":"has-post-thumbnail","6":"product_cat-fun","7":"product_cat-uncategorized","9":"first","10":"instock","11":"sale","12":"taxable","13":"shipping-taxable","14":"purchasable","15":"product-type-simple"},"acf":[],"_links":{"self":[{"href":"https:\/\/linoexpress.com\/ee\/wp-json\/wp\/v2\/product\/11202","targetHints":{"allow":["GET"]}}],"collection":[{"href":"https:\/\/linoexpress.com\/ee\/wp-json\/wp\/v2\/product"}],"about":[{"href":"https:\/\/linoexpress.com\/ee\/wp-json\/wp\/v2\/types\/product"}],"replies":[{"embeddable":true,"href":"https:\/\/linoexpress.com\/ee\/wp-json\/wp\/v2\/comments?post=11202"}],"wp:featuredmedia":[{"embeddable":true,"href":"https:\/\/linoexpress.com\/ee\/wp-json\/wp\/v2\/media\/11203"}],"wp:attachment":[{"href":"https:\/\/linoexpress.com\/ee\/wp-json\/wp\/v2\/media?parent=11202"}],"wp:term":[{"taxonomy":"product_brand","embeddable":true,"href":"https:\/\/linoexpress.com\/ee\/wp-json\/wp\/v2\/product_brand?post=11202"},{"taxonomy":"product_cat","embeddable":true,"href":"https:\/\/linoexpress.com\/ee\/wp-json\/wp\/v2\/product_cat?post=11202"},{"taxonomy":"product_tag","embeddable":true,"href":"https:\/\/linoexpress.com\/ee\/wp-json\/wp\/v2\/product_tag?post=11202"}],"curies":[{"name":"wp","href":"https:\/\/api.w.org\/{rel}","templated":true}]}}