{"id":11235,"date":"2024-11-04T11:27:12","date_gmt":"2024-11-04T10:27:12","guid":{"rendered":"https:\/\/linoexpress.com\/ee\/?post_type=product&#038;p=11235"},"modified":"2024-11-04T11:39:38","modified_gmt":"2024-11-04T10:39:38","slug":"kasitsi-moobliparanduskomplekt-fixall","status":"publish","type":"product","link":"https:\/\/linoexpress.com\/ee\/proizvod\/kasitsi-moobliparanduskomplekt-fixall\/","title":{"rendered":"K\u00e4sitsi m\u00f6\u00f6bliparanduskomplekt-FixAll"},"content":{"rendered":"","protected":false},"excerpt":{"rendered":"<p>Parandage v\u00e4iksemad kriimud igat t\u00fc\u00fcpi p\u00f5randatel v\u00f5i muudel m\u00f6\u00f6bli- ja puitpindadel. Ideaalne parkettide, laminaatide, t\u00f6\u00f6tasapindade v\u00f5i m\u00f6\u00f6bli ja puidut\u00f6\u00f6de jaoks.<\/p>\n","protected":false},"featured_media":11246,"comment_status":"closed","ping_status":"closed","template":"","meta":{"inline_featured_image":false},"product_brand":[],"product_cat":[27,15],"product_tag":[],"class_list":{"0":"post-11235","1":"product","2":"type-product","3":"status-publish","4":"has-post-thumbnail","6":"product_cat-home","7":"product_cat-uncategorized","9":"first","10":"instock","11":"sale","12":"taxable","13":"shipping-taxable","14":"purchasable","15":"product-type-simple"},"acf":[],"_links":{"self":[{"href":"https:\/\/linoexpress.com\/ee\/wp-json\/wp\/v2\/product\/11235","targetHints":{"allow":["GET"]}}],"collection":[{"href":"https:\/\/linoexpress.com\/ee\/wp-json\/wp\/v2\/product"}],"about":[{"href":"https:\/\/linoexpress.com\/ee\/wp-json\/wp\/v2\/types\/product"}],"replies":[{"embeddable":true,"href":"https:\/\/linoexpress.com\/ee\/wp-json\/wp\/v2\/comments?post=11235"}],"wp:featuredmedia":[{"embeddable":true,"href":"https:\/\/linoexpress.com\/ee\/wp-json\/wp\/v2\/media\/11246"}],"wp:attachment":[{"href":"https:\/\/linoexpress.com\/ee\/wp-json\/wp\/v2\/media?parent=11235"}],"wp:term":[{"taxonomy":"product_brand","embeddable":true,"href":"https:\/\/linoexpress.com\/ee\/wp-json\/wp\/v2\/product_brand?post=11235"},{"taxonomy":"product_cat","embeddable":true,"href":"https:\/\/linoexpress.com\/ee\/wp-json\/wp\/v2\/product_cat?post=11235"},{"taxonomy":"product_tag","embeddable":true,"href":"https:\/\/linoexpress.com\/ee\/wp-json\/wp\/v2\/product_tag?post=11235"}],"curies":[{"name":"wp","href":"https:\/\/api.w.org\/{rel}","templated":true}]}}