{"id":11279,"date":"2024-11-05T09:18:09","date_gmt":"2024-11-05T08:18:09","guid":{"rendered":"https:\/\/linoexpress.com\/ee\/?post_type=product&#038;p=11279"},"modified":"2025-08-12T22:11:50","modified_gmt":"2025-08-12T20:11:50","slug":"muinasjuttude-3d-pildiraamatud","status":"publish","type":"product","link":"https:\/\/linoexpress.com\/ee\/proizvod\/muinasjuttude-3d-pildiraamatud\/","title":{"rendered":"Muinasjuttude 3D pildiraamatud"},"content":{"rendered":"","protected":false},"excerpt":{"rendered":"<p>Kvaliteetsed 3D-pildiraamatud lemmikmuinasjuttudega r\u00f5\u00f5mustavad teie lapsi ja l\u00f5\u00f5gastavad neid. Laske laste fantaasial lennata nende suurep\u00e4raste muinasjuttudega.<\/p>\n","protected":false},"featured_media":11283,"comment_status":"closed","ping_status":"closed","template":"","meta":{"inline_featured_image":false},"product_brand":[],"product_cat":[35,15],"product_tag":[],"class_list":{"0":"post-11279","1":"product","2":"type-product","3":"status-publish","4":"has-post-thumbnail","6":"product_cat-fun","7":"product_cat-uncategorized","9":"first","10":"instock","11":"sale","12":"taxable","13":"shipping-taxable","14":"purchasable","15":"product-type-simple"},"acf":[],"_links":{"self":[{"href":"https:\/\/linoexpress.com\/ee\/wp-json\/wp\/v2\/product\/11279","targetHints":{"allow":["GET"]}}],"collection":[{"href":"https:\/\/linoexpress.com\/ee\/wp-json\/wp\/v2\/product"}],"about":[{"href":"https:\/\/linoexpress.com\/ee\/wp-json\/wp\/v2\/types\/product"}],"replies":[{"embeddable":true,"href":"https:\/\/linoexpress.com\/ee\/wp-json\/wp\/v2\/comments?post=11279"}],"wp:featuredmedia":[{"embeddable":true,"href":"https:\/\/linoexpress.com\/ee\/wp-json\/wp\/v2\/media\/11283"}],"wp:attachment":[{"href":"https:\/\/linoexpress.com\/ee\/wp-json\/wp\/v2\/media?parent=11279"}],"wp:term":[{"taxonomy":"product_brand","embeddable":true,"href":"https:\/\/linoexpress.com\/ee\/wp-json\/wp\/v2\/product_brand?post=11279"},{"taxonomy":"product_cat","embeddable":true,"href":"https:\/\/linoexpress.com\/ee\/wp-json\/wp\/v2\/product_cat?post=11279"},{"taxonomy":"product_tag","embeddable":true,"href":"https:\/\/linoexpress.com\/ee\/wp-json\/wp\/v2\/product_tag?post=11279"}],"curies":[{"name":"wp","href":"https:\/\/api.w.org\/{rel}","templated":true}]}}