{"id":11302,"date":"2024-11-05T14:04:56","date_gmt":"2024-11-05T13:04:56","guid":{"rendered":"https:\/\/linoexpress.com\/ee\/?post_type=product&#038;p=11302"},"modified":"2025-01-16T13:39:29","modified_gmt":"2025-01-16T12:39:29","slug":"realistlikud-naomaskid","status":"publish","type":"product","link":"https:\/\/linoexpress.com\/ee\/proizvod\/realistlikud-naomaskid\/","title":{"rendered":"Realistlikud n\u00e4omaskid"},"content":{"rendered":"","protected":false},"excerpt":{"rendered":"<p>Tippkvaliteetsed maskid, mis on loodud meenutama t\u00f5elist inimest. Olge Helloweenil, maskiballidel, temaatilistel pidudel v\u00f5i s\u00f5pradega vembumisel t\u00e4helepanu keskpunktis!<\/p>\n","protected":false},"featured_media":11306,"comment_status":"closed","ping_status":"closed","template":"","meta":{"inline_featured_image":false},"product_brand":[],"product_cat":[35,15],"product_tag":[],"class_list":{"0":"post-11302","1":"product","2":"type-product","3":"status-publish","4":"has-post-thumbnail","6":"product_cat-fun","7":"product_cat-uncategorized","9":"first","10":"instock","11":"sale","12":"taxable","13":"shipping-taxable","14":"purchasable","15":"product-type-simple"},"acf":[],"_links":{"self":[{"href":"https:\/\/linoexpress.com\/ee\/wp-json\/wp\/v2\/product\/11302","targetHints":{"allow":["GET"]}}],"collection":[{"href":"https:\/\/linoexpress.com\/ee\/wp-json\/wp\/v2\/product"}],"about":[{"href":"https:\/\/linoexpress.com\/ee\/wp-json\/wp\/v2\/types\/product"}],"replies":[{"embeddable":true,"href":"https:\/\/linoexpress.com\/ee\/wp-json\/wp\/v2\/comments?post=11302"}],"wp:featuredmedia":[{"embeddable":true,"href":"https:\/\/linoexpress.com\/ee\/wp-json\/wp\/v2\/media\/11306"}],"wp:attachment":[{"href":"https:\/\/linoexpress.com\/ee\/wp-json\/wp\/v2\/media?parent=11302"}],"wp:term":[{"taxonomy":"product_brand","embeddable":true,"href":"https:\/\/linoexpress.com\/ee\/wp-json\/wp\/v2\/product_brand?post=11302"},{"taxonomy":"product_cat","embeddable":true,"href":"https:\/\/linoexpress.com\/ee\/wp-json\/wp\/v2\/product_cat?post=11302"},{"taxonomy":"product_tag","embeddable":true,"href":"https:\/\/linoexpress.com\/ee\/wp-json\/wp\/v2\/product_tag?post=11302"}],"curies":[{"name":"wp","href":"https:\/\/api.w.org\/{rel}","templated":true}]}}