{"id":11312,"date":"2024-11-08T08:09:56","date_gmt":"2024-11-08T07:09:56","guid":{"rendered":"https:\/\/linoexpress.com\/ee\/?post_type=product&#038;p=11312"},"modified":"2024-11-08T08:11:54","modified_gmt":"2024-11-08T07:11:54","slug":"montessori-tooriistakast","status":"publish","type":"product","link":"https:\/\/linoexpress.com\/ee\/proizvod\/montessori-tooriistakast\/","title":{"rendered":"Montessori t\u00f6\u00f6riistakast"},"content":{"rendered":"","protected":false},"excerpt":{"rendered":"<p>Uus viis meelelahutuseks ja kvaliteetselt veedetud aeg. See Montessori t\u00f6\u00f6riistakast on k\u00f5ik, mida vajate, et teie lapsed oleksid tundideks \u00f5nnelikud ja meelelahutuslikud!<\/p>\n","protected":false},"featured_media":11314,"comment_status":"closed","ping_status":"closed","template":"","meta":{"inline_featured_image":false},"product_brand":[],"product_cat":[35,15],"product_tag":[],"class_list":{"0":"post-11312","1":"product","2":"type-product","3":"status-publish","4":"has-post-thumbnail","6":"product_cat-fun","7":"product_cat-uncategorized","9":"first","10":"instock","11":"sale","12":"taxable","13":"shipping-taxable","14":"purchasable","15":"product-type-simple"},"acf":[],"_links":{"self":[{"href":"https:\/\/linoexpress.com\/ee\/wp-json\/wp\/v2\/product\/11312","targetHints":{"allow":["GET"]}}],"collection":[{"href":"https:\/\/linoexpress.com\/ee\/wp-json\/wp\/v2\/product"}],"about":[{"href":"https:\/\/linoexpress.com\/ee\/wp-json\/wp\/v2\/types\/product"}],"replies":[{"embeddable":true,"href":"https:\/\/linoexpress.com\/ee\/wp-json\/wp\/v2\/comments?post=11312"}],"wp:featuredmedia":[{"embeddable":true,"href":"https:\/\/linoexpress.com\/ee\/wp-json\/wp\/v2\/media\/11314"}],"wp:attachment":[{"href":"https:\/\/linoexpress.com\/ee\/wp-json\/wp\/v2\/media?parent=11312"}],"wp:term":[{"taxonomy":"product_brand","embeddable":true,"href":"https:\/\/linoexpress.com\/ee\/wp-json\/wp\/v2\/product_brand?post=11312"},{"taxonomy":"product_cat","embeddable":true,"href":"https:\/\/linoexpress.com\/ee\/wp-json\/wp\/v2\/product_cat?post=11312"},{"taxonomy":"product_tag","embeddable":true,"href":"https:\/\/linoexpress.com\/ee\/wp-json\/wp\/v2\/product_tag?post=11312"}],"curies":[{"name":"wp","href":"https:\/\/api.w.org\/{rel}","templated":true}]}}