{"id":11324,"date":"2024-11-08T13:28:12","date_gmt":"2024-11-08T12:28:12","guid":{"rendered":"https:\/\/linoexpress.com\/ee\/?post_type=product&#038;p=11324"},"modified":"2025-04-28T09:57:34","modified_gmt":"2025-04-28T07:57:34","slug":"kokkupandav-laste-elektrikardisoiduk","status":"publish","type":"product","link":"https:\/\/linoexpress.com\/ee\/proizvod\/kokkupandav-laste-elektrikardisoiduk\/","title":{"rendered":"Kokkupandav laste elektrikardis\u00f5iduk"},"content":{"rendered":"","protected":false},"excerpt":{"rendered":"<p>Lastele m\u00f5eldud elektriline gokart sobib ideaalselt v\u00e4ikestele, kes armastavad p\u00f5nevust ja s\u00f5itu!<\/p>\n","protected":false},"featured_media":11325,"comment_status":"closed","ping_status":"closed","template":"","meta":{"inline_featured_image":false},"product_brand":[],"product_cat":[35,15],"product_tag":[],"class_list":{"0":"post-11324","1":"product","2":"type-product","3":"status-publish","4":"has-post-thumbnail","6":"product_cat-fun","7":"product_cat-uncategorized","9":"first","10":"instock","11":"sale","12":"taxable","13":"shipping-taxable","14":"purchasable","15":"product-type-simple"},"acf":[],"_links":{"self":[{"href":"https:\/\/linoexpress.com\/ee\/wp-json\/wp\/v2\/product\/11324","targetHints":{"allow":["GET"]}}],"collection":[{"href":"https:\/\/linoexpress.com\/ee\/wp-json\/wp\/v2\/product"}],"about":[{"href":"https:\/\/linoexpress.com\/ee\/wp-json\/wp\/v2\/types\/product"}],"replies":[{"embeddable":true,"href":"https:\/\/linoexpress.com\/ee\/wp-json\/wp\/v2\/comments?post=11324"}],"wp:featuredmedia":[{"embeddable":true,"href":"https:\/\/linoexpress.com\/ee\/wp-json\/wp\/v2\/media\/11325"}],"wp:attachment":[{"href":"https:\/\/linoexpress.com\/ee\/wp-json\/wp\/v2\/media?parent=11324"}],"wp:term":[{"taxonomy":"product_brand","embeddable":true,"href":"https:\/\/linoexpress.com\/ee\/wp-json\/wp\/v2\/product_brand?post=11324"},{"taxonomy":"product_cat","embeddable":true,"href":"https:\/\/linoexpress.com\/ee\/wp-json\/wp\/v2\/product_cat?post=11324"},{"taxonomy":"product_tag","embeddable":true,"href":"https:\/\/linoexpress.com\/ee\/wp-json\/wp\/v2\/product_tag?post=11324"}],"curies":[{"name":"wp","href":"https:\/\/api.w.org\/{rel}","templated":true}]}}