{"id":11417,"date":"2025-02-18T17:32:44","date_gmt":"2025-02-18T16:32:44","guid":{"rendered":"https:\/\/linoexpress.com\/ee\/?post_type=product&#038;p=11417"},"modified":"2025-02-18T18:38:38","modified_gmt":"2025-02-18T17:38:38","slug":"nahtamatu-numbrimargi-pihusti","status":"publish","type":"product","link":"https:\/\/linoexpress.com\/ee\/proizvod\/nahtamatu-numbrimargi-pihusti\/","title":{"rendered":"N\u00e4htamatu numbrim\u00e4rgi pihusti"},"content":{"rendered":"","protected":false},"excerpt":{"rendered":"<p>See Jaapani n\u00e4htamatu pihusti tagab kohesed tulemused, tagades teile s\u00f5idu ajal t\u00e4ieliku privaatsuse. Pihustage lihtsalt numbrim\u00e4rki ja tagage endale maksimaalne kaitse j\u00e4lgimiss\u00fcsteemide eest. Selle uuendusliku fotoblokeerimistehnoloogiaga on teie anon\u00fc\u00fcmsus esikohal.<\/p>\n","protected":false},"featured_media":11422,"comment_status":"closed","ping_status":"closed","template":"","meta":{"inline_featured_image":false},"product_brand":[],"product_cat":[35,15],"product_tag":[],"class_list":{"0":"post-11417","1":"product","2":"type-product","3":"status-publish","4":"has-post-thumbnail","6":"product_cat-fun","7":"product_cat-uncategorized","9":"first","10":"instock","11":"sale","12":"taxable","13":"shipping-taxable","14":"purchasable","15":"product-type-simple"},"acf":[],"_links":{"self":[{"href":"https:\/\/linoexpress.com\/ee\/wp-json\/wp\/v2\/product\/11417","targetHints":{"allow":["GET"]}}],"collection":[{"href":"https:\/\/linoexpress.com\/ee\/wp-json\/wp\/v2\/product"}],"about":[{"href":"https:\/\/linoexpress.com\/ee\/wp-json\/wp\/v2\/types\/product"}],"replies":[{"embeddable":true,"href":"https:\/\/linoexpress.com\/ee\/wp-json\/wp\/v2\/comments?post=11417"}],"wp:featuredmedia":[{"embeddable":true,"href":"https:\/\/linoexpress.com\/ee\/wp-json\/wp\/v2\/media\/11422"}],"wp:attachment":[{"href":"https:\/\/linoexpress.com\/ee\/wp-json\/wp\/v2\/media?parent=11417"}],"wp:term":[{"taxonomy":"product_brand","embeddable":true,"href":"https:\/\/linoexpress.com\/ee\/wp-json\/wp\/v2\/product_brand?post=11417"},{"taxonomy":"product_cat","embeddable":true,"href":"https:\/\/linoexpress.com\/ee\/wp-json\/wp\/v2\/product_cat?post=11417"},{"taxonomy":"product_tag","embeddable":true,"href":"https:\/\/linoexpress.com\/ee\/wp-json\/wp\/v2\/product_tag?post=11417"}],"curies":[{"name":"wp","href":"https:\/\/api.w.org\/{rel}","templated":true}]}}