{"id":11446,"date":"2025-03-04T10:04:16","date_gmt":"2025-03-04T09:04:16","guid":{"rendered":"https:\/\/linoexpress.com\/ee\/?post_type=product&#038;p=11446"},"modified":"2025-09-18T10:34:48","modified_gmt":"2025-09-18T08:34:48","slug":"ukse-paigalduspositsioneerija","status":"publish","type":"product","link":"https:\/\/linoexpress.com\/ee\/proizvod\/ukse-paigalduspositsioneerija\/","title":{"rendered":"Ukse paigalduspositsioneerija"},"content":{"rendered":"","protected":false},"excerpt":{"rendered":"<p>Meie ukse paigaldamise positsioneerija pakub kiiret ja t\u00e4pset viisi t\u00e4iusliku joonduse saavutamiseks isegi ilma teiste abita. See t\u00f6\u00f6riist on loodud lihtsaks kasutamiseks, v\u00f5imaldades teil t\u00f6\u00f6d kiiremini ja t\u00f5husamalt teha.<\/p>\n","protected":false},"featured_media":11447,"comment_status":"closed","ping_status":"closed","template":"","meta":{"inline_featured_image":false},"product_brand":[],"product_cat":[35,15],"product_tag":[],"class_list":{"0":"post-11446","1":"product","2":"type-product","3":"status-publish","4":"has-post-thumbnail","6":"product_cat-fun","7":"product_cat-uncategorized","9":"first","10":"instock","11":"sale","12":"taxable","13":"shipping-taxable","14":"purchasable","15":"product-type-simple"},"acf":[],"_links":{"self":[{"href":"https:\/\/linoexpress.com\/ee\/wp-json\/wp\/v2\/product\/11446","targetHints":{"allow":["GET"]}}],"collection":[{"href":"https:\/\/linoexpress.com\/ee\/wp-json\/wp\/v2\/product"}],"about":[{"href":"https:\/\/linoexpress.com\/ee\/wp-json\/wp\/v2\/types\/product"}],"replies":[{"embeddable":true,"href":"https:\/\/linoexpress.com\/ee\/wp-json\/wp\/v2\/comments?post=11446"}],"wp:featuredmedia":[{"embeddable":true,"href":"https:\/\/linoexpress.com\/ee\/wp-json\/wp\/v2\/media\/11447"}],"wp:attachment":[{"href":"https:\/\/linoexpress.com\/ee\/wp-json\/wp\/v2\/media?parent=11446"}],"wp:term":[{"taxonomy":"product_brand","embeddable":true,"href":"https:\/\/linoexpress.com\/ee\/wp-json\/wp\/v2\/product_brand?post=11446"},{"taxonomy":"product_cat","embeddable":true,"href":"https:\/\/linoexpress.com\/ee\/wp-json\/wp\/v2\/product_cat?post=11446"},{"taxonomy":"product_tag","embeddable":true,"href":"https:\/\/linoexpress.com\/ee\/wp-json\/wp\/v2\/product_tag?post=11446"}],"curies":[{"name":"wp","href":"https:\/\/api.w.org\/{rel}","templated":true}]}}