{"id":11455,"date":"2025-03-04T12:37:52","date_gmt":"2025-03-04T11:37:52","guid":{"rendered":"https:\/\/linoexpress.com\/ee\/?post_type=product&#038;p=11455"},"modified":"2025-09-18T10:13:27","modified_gmt":"2025-09-18T08:13:27","slug":"kirjade-graveerimise-komplekt","status":"publish","type":"product","link":"https:\/\/linoexpress.com\/ee\/proizvod\/kirjade-graveerimise-komplekt\/","title":{"rendered":"Kirjade graveerimise komplekt"},"content":{"rendered":"","protected":false},"excerpt":{"rendered":"<p>Kogu t\u00e4htede t\u00e4hestik graveerimiseks. Looge monogramme, reljeefseid nimesid v\u00f5i s\u00f5nu v\u00f5i isikup\u00e4rastage oma t\u00f6\u00f6d!<\/p>\n","protected":false},"featured_media":11456,"comment_status":"closed","ping_status":"closed","template":"","meta":{"inline_featured_image":false},"product_brand":[],"product_cat":[35,15],"product_tag":[],"class_list":{"0":"post-11455","1":"product","2":"type-product","3":"status-publish","4":"has-post-thumbnail","6":"product_cat-fun","7":"product_cat-uncategorized","9":"first","10":"instock","11":"sale","12":"taxable","13":"shipping-taxable","14":"purchasable","15":"product-type-simple"},"acf":[],"_links":{"self":[{"href":"https:\/\/linoexpress.com\/ee\/wp-json\/wp\/v2\/product\/11455","targetHints":{"allow":["GET"]}}],"collection":[{"href":"https:\/\/linoexpress.com\/ee\/wp-json\/wp\/v2\/product"}],"about":[{"href":"https:\/\/linoexpress.com\/ee\/wp-json\/wp\/v2\/types\/product"}],"replies":[{"embeddable":true,"href":"https:\/\/linoexpress.com\/ee\/wp-json\/wp\/v2\/comments?post=11455"}],"wp:featuredmedia":[{"embeddable":true,"href":"https:\/\/linoexpress.com\/ee\/wp-json\/wp\/v2\/media\/11456"}],"wp:attachment":[{"href":"https:\/\/linoexpress.com\/ee\/wp-json\/wp\/v2\/media?parent=11455"}],"wp:term":[{"taxonomy":"product_brand","embeddable":true,"href":"https:\/\/linoexpress.com\/ee\/wp-json\/wp\/v2\/product_brand?post=11455"},{"taxonomy":"product_cat","embeddable":true,"href":"https:\/\/linoexpress.com\/ee\/wp-json\/wp\/v2\/product_cat?post=11455"},{"taxonomy":"product_tag","embeddable":true,"href":"https:\/\/linoexpress.com\/ee\/wp-json\/wp\/v2\/product_tag?post=11455"}],"curies":[{"name":"wp","href":"https:\/\/api.w.org\/{rel}","templated":true}]}}