{"id":11464,"date":"2025-03-04T13:33:00","date_gmt":"2025-03-04T12:33:00","guid":{"rendered":"https:\/\/linoexpress.com\/ee\/?post_type=product&#038;p=11464"},"modified":"2025-04-28T12:52:23","modified_gmt":"2025-04-28T10:52:23","slug":"kunstikomplekt-loominguline-maagia","status":"publish","type":"product","link":"https:\/\/linoexpress.com\/ee\/proizvod\/kunstikomplekt-loominguline-maagia\/","title":{"rendered":"Kunstikomplekt &#8211; loominguline maagia"},"content":{"rendered":"","protected":false},"excerpt":{"rendered":"<p>Avastage kunsti maagiline maailm! See loominguline komplekt muudab uskumatute kunstiteoste loomise lihtsaks vaid \u00fche kriimuga. Olenemata sellest, kas olete algaja v\u00f5i kogenud kunstnik, pakub see komplekt l\u00f5putult v\u00f5imalusi oma loovuse v\u00e4ljendamiseks. R\u00f5\u00f5mustage oma lapsi v\u00f5i ennast selle l\u00f5busa ja hariva tegevusega!<\/p>\n","protected":false},"featured_media":11470,"comment_status":"closed","ping_status":"closed","template":"","meta":{"inline_featured_image":false},"product_brand":[],"product_cat":[35,15],"product_tag":[],"class_list":{"0":"post-11464","1":"product","2":"type-product","3":"status-publish","4":"has-post-thumbnail","6":"product_cat-fun","7":"product_cat-uncategorized","9":"first","10":"instock","11":"sale","12":"taxable","13":"shipping-taxable","14":"purchasable","15":"product-type-simple"},"acf":[],"_links":{"self":[{"href":"https:\/\/linoexpress.com\/ee\/wp-json\/wp\/v2\/product\/11464","targetHints":{"allow":["GET"]}}],"collection":[{"href":"https:\/\/linoexpress.com\/ee\/wp-json\/wp\/v2\/product"}],"about":[{"href":"https:\/\/linoexpress.com\/ee\/wp-json\/wp\/v2\/types\/product"}],"replies":[{"embeddable":true,"href":"https:\/\/linoexpress.com\/ee\/wp-json\/wp\/v2\/comments?post=11464"}],"wp:featuredmedia":[{"embeddable":true,"href":"https:\/\/linoexpress.com\/ee\/wp-json\/wp\/v2\/media\/11470"}],"wp:attachment":[{"href":"https:\/\/linoexpress.com\/ee\/wp-json\/wp\/v2\/media?parent=11464"}],"wp:term":[{"taxonomy":"product_brand","embeddable":true,"href":"https:\/\/linoexpress.com\/ee\/wp-json\/wp\/v2\/product_brand?post=11464"},{"taxonomy":"product_cat","embeddable":true,"href":"https:\/\/linoexpress.com\/ee\/wp-json\/wp\/v2\/product_cat?post=11464"},{"taxonomy":"product_tag","embeddable":true,"href":"https:\/\/linoexpress.com\/ee\/wp-json\/wp\/v2\/product_tag?post=11464"}],"curies":[{"name":"wp","href":"https:\/\/api.w.org\/{rel}","templated":true}]}}