{"id":11491,"date":"2025-03-12T23:43:58","date_gmt":"2025-03-12T22:43:58","guid":{"rendered":"https:\/\/linoexpress.com\/ee\/?post_type=product&#038;p=11491"},"modified":"2025-09-18T10:44:24","modified_gmt":"2025-09-18T08:44:24","slug":"individuaalne-poksitreeningu-lint","status":"publish","type":"product","link":"https:\/\/linoexpress.com\/ee\/proizvod\/individuaalne-poksitreeningu-lint\/","title":{"rendered":"Individuaalne poksitreeningu lint"},"content":{"rendered":"","protected":false},"excerpt":{"rendered":"<p>Uuenduslik takistusrihm, mis on loodud spetsiaalselt poksijatele. Need aitavad teil parandada jalgade t\u00f6\u00f6d, suurendada l\u00f6\u00f6gij\u00f5udu ja kaitsta end vigastuste eest. Ideaalne t\u00f6\u00f6riist iga tasemega poksijale, algajatest professionaalideni.<\/p>\n","protected":false},"featured_media":11492,"comment_status":"closed","ping_status":"closed","template":"","meta":{"inline_featured_image":false},"product_brand":[],"product_cat":[35,15],"product_tag":[],"class_list":{"0":"post-11491","1":"product","2":"type-product","3":"status-publish","4":"has-post-thumbnail","6":"product_cat-fun","7":"product_cat-uncategorized","9":"first","10":"instock","11":"sale","12":"taxable","13":"shipping-taxable","14":"purchasable","15":"product-type-simple"},"acf":[],"_links":{"self":[{"href":"https:\/\/linoexpress.com\/ee\/wp-json\/wp\/v2\/product\/11491","targetHints":{"allow":["GET"]}}],"collection":[{"href":"https:\/\/linoexpress.com\/ee\/wp-json\/wp\/v2\/product"}],"about":[{"href":"https:\/\/linoexpress.com\/ee\/wp-json\/wp\/v2\/types\/product"}],"replies":[{"embeddable":true,"href":"https:\/\/linoexpress.com\/ee\/wp-json\/wp\/v2\/comments?post=11491"}],"wp:featuredmedia":[{"embeddable":true,"href":"https:\/\/linoexpress.com\/ee\/wp-json\/wp\/v2\/media\/11492"}],"wp:attachment":[{"href":"https:\/\/linoexpress.com\/ee\/wp-json\/wp\/v2\/media?parent=11491"}],"wp:term":[{"taxonomy":"product_brand","embeddable":true,"href":"https:\/\/linoexpress.com\/ee\/wp-json\/wp\/v2\/product_brand?post=11491"},{"taxonomy":"product_cat","embeddable":true,"href":"https:\/\/linoexpress.com\/ee\/wp-json\/wp\/v2\/product_cat?post=11491"},{"taxonomy":"product_tag","embeddable":true,"href":"https:\/\/linoexpress.com\/ee\/wp-json\/wp\/v2\/product_tag?post=11491"}],"curies":[{"name":"wp","href":"https:\/\/api.w.org\/{rel}","templated":true}]}}