{"id":11500,"date":"2025-03-12T23:48:37","date_gmt":"2025-03-12T22:48:37","guid":{"rendered":"https:\/\/linoexpress.com\/ee\/?post_type=product&#038;p=11500"},"modified":"2025-04-28T10:07:11","modified_gmt":"2025-04-28T08:07:11","slug":"2-uhes-elektriline-ja-manuaalne-auto","status":"publish","type":"product","link":"https:\/\/linoexpress.com\/ee\/proizvod\/2-uhes-elektriline-ja-manuaalne-auto\/","title":{"rendered":"2-\u00fches elektriline ja manuaalne auto"},"content":{"rendered":"","protected":false},"excerpt":{"rendered":"<p>See uuenduslik m\u00e4nguauto v\u00f5imaldab lastel valida klassikalise k\u00e4sitsijuhtimise ja elektrire\u017eiimi vahel, et s\u00f5ita veelgi l\u00f5busam. See sobib suurep\u00e4raselt m\u00e4ngimiseks kodus v\u00f5i \u00f5ues, pakkudes turvalisust ja stabiilsust. Kaasaegne disain ja lihtne kasutamine muudavad selle ideaalseks valikuks v\u00e4ikestele.<\/p>\n","protected":false},"featured_media":11503,"comment_status":"closed","ping_status":"closed","template":"","meta":{"inline_featured_image":false},"product_brand":[],"product_cat":[35,15],"product_tag":[],"class_list":{"0":"post-11500","1":"product","2":"type-product","3":"status-publish","4":"has-post-thumbnail","6":"product_cat-fun","7":"product_cat-uncategorized","9":"first","10":"instock","11":"sale","12":"taxable","13":"shipping-taxable","14":"purchasable","15":"product-type-simple"},"acf":[],"_links":{"self":[{"href":"https:\/\/linoexpress.com\/ee\/wp-json\/wp\/v2\/product\/11500","targetHints":{"allow":["GET"]}}],"collection":[{"href":"https:\/\/linoexpress.com\/ee\/wp-json\/wp\/v2\/product"}],"about":[{"href":"https:\/\/linoexpress.com\/ee\/wp-json\/wp\/v2\/types\/product"}],"replies":[{"embeddable":true,"href":"https:\/\/linoexpress.com\/ee\/wp-json\/wp\/v2\/comments?post=11500"}],"wp:featuredmedia":[{"embeddable":true,"href":"https:\/\/linoexpress.com\/ee\/wp-json\/wp\/v2\/media\/11503"}],"wp:attachment":[{"href":"https:\/\/linoexpress.com\/ee\/wp-json\/wp\/v2\/media?parent=11500"}],"wp:term":[{"taxonomy":"product_brand","embeddable":true,"href":"https:\/\/linoexpress.com\/ee\/wp-json\/wp\/v2\/product_brand?post=11500"},{"taxonomy":"product_cat","embeddable":true,"href":"https:\/\/linoexpress.com\/ee\/wp-json\/wp\/v2\/product_cat?post=11500"},{"taxonomy":"product_tag","embeddable":true,"href":"https:\/\/linoexpress.com\/ee\/wp-json\/wp\/v2\/product_tag?post=11500"}],"curies":[{"name":"wp","href":"https:\/\/api.w.org\/{rel}","templated":true}]}}