{"id":11518,"date":"2025-03-14T11:40:43","date_gmt":"2025-03-14T10:40:43","guid":{"rendered":"https:\/\/linoexpress.com\/ee\/?post_type=product&#038;p=11518"},"modified":"2025-03-14T16:33:40","modified_gmt":"2025-03-14T15:33:40","slug":"kegeli-harjutused","status":"publish","type":"product","link":"https:\/\/linoexpress.com\/ee\/proizvod\/kegeli-harjutused\/","title":{"rendered":"Kegeli harjutused"},"content":{"rendered":"","protected":false},"excerpt":{"rendered":"<p>Saavutage suurem kontroll ja vastupidavus Kegeli harjutustega, mis tugevdavad vaagnap\u00f5hjalihaseid. See lihtne, loomulik ja end t\u00f5estanud meetod parandab f\u00fc\u00fcsilist vormi, vastupidavust ja \u00fcldist heaolu ilma ravimeid kasutamata. See sobib ideaalselt meestele ja naistele ning on kaasaskantav ja h\u00f5lpsasti kasutatav k\u00f5ikjal.<\/p>\n","protected":false},"featured_media":11519,"comment_status":"closed","ping_status":"closed","template":"","meta":{"inline_featured_image":false},"product_brand":[],"product_cat":[35,15],"product_tag":[],"class_list":{"0":"post-11518","1":"product","2":"type-product","3":"status-publish","4":"has-post-thumbnail","6":"product_cat-fun","7":"product_cat-uncategorized","9":"first","10":"instock","11":"sale","12":"taxable","13":"shipping-taxable","14":"purchasable","15":"product-type-simple"},"acf":[],"_links":{"self":[{"href":"https:\/\/linoexpress.com\/ee\/wp-json\/wp\/v2\/product\/11518","targetHints":{"allow":["GET"]}}],"collection":[{"href":"https:\/\/linoexpress.com\/ee\/wp-json\/wp\/v2\/product"}],"about":[{"href":"https:\/\/linoexpress.com\/ee\/wp-json\/wp\/v2\/types\/product"}],"replies":[{"embeddable":true,"href":"https:\/\/linoexpress.com\/ee\/wp-json\/wp\/v2\/comments?post=11518"}],"wp:featuredmedia":[{"embeddable":true,"href":"https:\/\/linoexpress.com\/ee\/wp-json\/wp\/v2\/media\/11519"}],"wp:attachment":[{"href":"https:\/\/linoexpress.com\/ee\/wp-json\/wp\/v2\/media?parent=11518"}],"wp:term":[{"taxonomy":"product_brand","embeddable":true,"href":"https:\/\/linoexpress.com\/ee\/wp-json\/wp\/v2\/product_brand?post=11518"},{"taxonomy":"product_cat","embeddable":true,"href":"https:\/\/linoexpress.com\/ee\/wp-json\/wp\/v2\/product_cat?post=11518"},{"taxonomy":"product_tag","embeddable":true,"href":"https:\/\/linoexpress.com\/ee\/wp-json\/wp\/v2\/product_tag?post=11518"}],"curies":[{"name":"wp","href":"https:\/\/api.w.org\/{rel}","templated":true}]}}