{"id":11524,"date":"2025-03-15T12:02:29","date_gmt":"2025-03-15T11:02:29","guid":{"rendered":"https:\/\/linoexpress.com\/ee\/?post_type=product&#038;p=11524"},"modified":"2025-04-28T13:17:13","modified_gmt":"2025-04-28T11:17:13","slug":"interaktiivne-linnumanguasi-kassidele","status":"publish","type":"product","link":"https:\/\/linoexpress.com\/ee\/proizvod\/interaktiivne-linnumanguasi-kassidele\/","title":{"rendered":"Interaktiivne linnum\u00e4nguasi kassidele"},"content":{"rendered":"","protected":false},"excerpt":{"rendered":"<p>See realistlike helide ja liigutustega pehme lind pakub teie kassile tunde meelelahutust. Selle suled ja pehme materjal muudavad selle ideaalseks n\u00e4rimiseks, p\u00fc\u00fcdmiseks ja m\u00e4ngimiseks. Stimuleerib kassi loomulikke instinkte, soodustab aktiivsust ja vaimset stimulatsiooni.<\/p>\n","protected":false},"featured_media":11526,"comment_status":"closed","ping_status":"closed","template":"","meta":{"inline_featured_image":false},"product_brand":[],"product_cat":[35,15],"product_tag":[],"class_list":{"0":"post-11524","1":"product","2":"type-product","3":"status-publish","4":"has-post-thumbnail","6":"product_cat-fun","7":"product_cat-uncategorized","9":"first","10":"instock","11":"sale","12":"taxable","13":"shipping-taxable","14":"purchasable","15":"product-type-simple"},"acf":[],"_links":{"self":[{"href":"https:\/\/linoexpress.com\/ee\/wp-json\/wp\/v2\/product\/11524","targetHints":{"allow":["GET"]}}],"collection":[{"href":"https:\/\/linoexpress.com\/ee\/wp-json\/wp\/v2\/product"}],"about":[{"href":"https:\/\/linoexpress.com\/ee\/wp-json\/wp\/v2\/types\/product"}],"replies":[{"embeddable":true,"href":"https:\/\/linoexpress.com\/ee\/wp-json\/wp\/v2\/comments?post=11524"}],"wp:featuredmedia":[{"embeddable":true,"href":"https:\/\/linoexpress.com\/ee\/wp-json\/wp\/v2\/media\/11526"}],"wp:attachment":[{"href":"https:\/\/linoexpress.com\/ee\/wp-json\/wp\/v2\/media?parent=11524"}],"wp:term":[{"taxonomy":"product_brand","embeddable":true,"href":"https:\/\/linoexpress.com\/ee\/wp-json\/wp\/v2\/product_brand?post=11524"},{"taxonomy":"product_cat","embeddable":true,"href":"https:\/\/linoexpress.com\/ee\/wp-json\/wp\/v2\/product_cat?post=11524"},{"taxonomy":"product_tag","embeddable":true,"href":"https:\/\/linoexpress.com\/ee\/wp-json\/wp\/v2\/product_tag?post=11524"}],"curies":[{"name":"wp","href":"https:\/\/api.w.org\/{rel}","templated":true}]}}