{"id":11570,"date":"2025-04-04T00:02:36","date_gmt":"2025-04-03T22:02:36","guid":{"rendered":"https:\/\/linoexpress.com\/ee\/?post_type=product&#038;p=11570"},"modified":"2025-09-18T10:34:58","modified_gmt":"2025-09-18T08:34:58","slug":"positsioneerija-ukse-paigaldamiseks","status":"publish","type":"product","link":"https:\/\/linoexpress.com\/ee\/proizvod\/positsioneerija-ukse-paigaldamiseks\/","title":{"rendered":"Positsioneerija ukse paigaldamiseks"},"content":{"rendered":"","protected":false},"excerpt":{"rendered":"<p>T\u00e4pne ja lihtne t\u00f6\u00f6riist kapiuste paigaldamiseks. See v\u00f5imaldab kiiret nivelleerimist ja ohutut paigaldamist ilma t\u00e4iendava abita. Valmistatud vastupidavast alumiiniumisulamist pikaajaliseks kasutamiseks.<\/p>\n","protected":false},"featured_media":11447,"comment_status":"closed","ping_status":"closed","template":"","meta":{"inline_featured_image":false},"product_brand":[],"product_cat":[27,15],"product_tag":[],"class_list":{"0":"post-11570","1":"product","2":"type-product","3":"status-publish","4":"has-post-thumbnail","6":"product_cat-home","7":"product_cat-uncategorized","9":"first","10":"instock","11":"sale","12":"taxable","13":"shipping-taxable","14":"purchasable","15":"product-type-simple"},"acf":[],"_links":{"self":[{"href":"https:\/\/linoexpress.com\/ee\/wp-json\/wp\/v2\/product\/11570","targetHints":{"allow":["GET"]}}],"collection":[{"href":"https:\/\/linoexpress.com\/ee\/wp-json\/wp\/v2\/product"}],"about":[{"href":"https:\/\/linoexpress.com\/ee\/wp-json\/wp\/v2\/types\/product"}],"replies":[{"embeddable":true,"href":"https:\/\/linoexpress.com\/ee\/wp-json\/wp\/v2\/comments?post=11570"}],"wp:featuredmedia":[{"embeddable":true,"href":"https:\/\/linoexpress.com\/ee\/wp-json\/wp\/v2\/media\/11447"}],"wp:attachment":[{"href":"https:\/\/linoexpress.com\/ee\/wp-json\/wp\/v2\/media?parent=11570"}],"wp:term":[{"taxonomy":"product_brand","embeddable":true,"href":"https:\/\/linoexpress.com\/ee\/wp-json\/wp\/v2\/product_brand?post=11570"},{"taxonomy":"product_cat","embeddable":true,"href":"https:\/\/linoexpress.com\/ee\/wp-json\/wp\/v2\/product_cat?post=11570"},{"taxonomy":"product_tag","embeddable":true,"href":"https:\/\/linoexpress.com\/ee\/wp-json\/wp\/v2\/product_tag?post=11570"}],"curies":[{"name":"wp","href":"https:\/\/api.w.org\/{rel}","templated":true}]}}