{"id":11614,"date":"2025-04-09T09:21:32","date_gmt":"2025-04-09T07:21:32","guid":{"rendered":"https:\/\/linoexpress.com\/ee\/?post_type=product&#038;p=11614"},"modified":"2025-09-18T10:12:39","modified_gmt":"2025-09-18T08:12:39","slug":"2-uhes-elektri-ja-manuaalauto","status":"publish","type":"product","link":"https:\/\/linoexpress.com\/ee\/proizvod\/2-uhes-elektri-ja-manuaalauto\/","title":{"rendered":"2-\u00fches elektri- ja manuaalauto"},"content":{"rendered":"","protected":false},"excerpt":{"rendered":"<p>See uuenduslik m\u00e4nguauto pakub lastele topelt l\u00f5busust ja paindlikkust. Nad saavad seda kasutada k\u00e4sitsi, keerates rooli v\u00f5i aktiveerida elektriajami veelgi mugavamaks s\u00f5iduks. See on ideaalne sise- ja v\u00e4listingimustes m\u00e4ngimiseks, oma turvalise ja stabiilse disainiga, mis tagab muretu m\u00e4ngimise.<\/p>\n","protected":false},"featured_media":11618,"comment_status":"closed","ping_status":"closed","template":"","meta":{"inline_featured_image":false},"product_brand":[],"product_cat":[27,15],"product_tag":[],"class_list":{"0":"post-11614","1":"product","2":"type-product","3":"status-publish","4":"has-post-thumbnail","6":"product_cat-home","7":"product_cat-uncategorized","9":"first","10":"instock","11":"sale","12":"taxable","13":"shipping-taxable","14":"purchasable","15":"product-type-simple"},"acf":[],"_links":{"self":[{"href":"https:\/\/linoexpress.com\/ee\/wp-json\/wp\/v2\/product\/11614","targetHints":{"allow":["GET"]}}],"collection":[{"href":"https:\/\/linoexpress.com\/ee\/wp-json\/wp\/v2\/product"}],"about":[{"href":"https:\/\/linoexpress.com\/ee\/wp-json\/wp\/v2\/types\/product"}],"replies":[{"embeddable":true,"href":"https:\/\/linoexpress.com\/ee\/wp-json\/wp\/v2\/comments?post=11614"}],"wp:featuredmedia":[{"embeddable":true,"href":"https:\/\/linoexpress.com\/ee\/wp-json\/wp\/v2\/media\/11618"}],"wp:attachment":[{"href":"https:\/\/linoexpress.com\/ee\/wp-json\/wp\/v2\/media?parent=11614"}],"wp:term":[{"taxonomy":"product_brand","embeddable":true,"href":"https:\/\/linoexpress.com\/ee\/wp-json\/wp\/v2\/product_brand?post=11614"},{"taxonomy":"product_cat","embeddable":true,"href":"https:\/\/linoexpress.com\/ee\/wp-json\/wp\/v2\/product_cat?post=11614"},{"taxonomy":"product_tag","embeddable":true,"href":"https:\/\/linoexpress.com\/ee\/wp-json\/wp\/v2\/product_tag?post=11614"}],"curies":[{"name":"wp","href":"https:\/\/api.w.org\/{rel}","templated":true}]}}