{"id":11722,"date":"2025-06-20T00:01:48","date_gmt":"2025-06-19T22:01:48","guid":{"rendered":"https:\/\/linoexpress.com\/ee\/?post_type=product&#038;p=11722"},"modified":"2025-06-20T02:24:22","modified_gmt":"2025-06-20T00:24:22","slug":"turbo-ohupuhasti","status":"publish","type":"product","link":"https:\/\/linoexpress.com\/ee\/proizvod\/turbo-ohupuhasti\/","title":{"rendered":"Turbo \u00f5hupuhasti"},"content":{"rendered":"","protected":false},"excerpt":{"rendered":"<p>Juhtmevaba turbo \u00f5hupuhasti on v\u00f5imas mitmeotstarbeline t\u00f6\u00f6riist puhastamiseks, kuivatamiseks ja t\u00e4ispuhumiseks. Sobib ideaalselt autole, elektroonikale, koduks ja \u00f5ues kasutamiseks. Kompaktne, kuid v\u00e4ga v\u00f5imas \u2013 teeb igap\u00e4evased \u00fclesanded kiiremaks ja lihtsamaks.<\/p>\n","protected":false},"featured_media":11734,"comment_status":"closed","ping_status":"closed","template":"","meta":{"inline_featured_image":false},"product_brand":[],"product_cat":[27,15],"product_tag":[],"class_list":{"0":"post-11722","1":"product","2":"type-product","3":"status-publish","4":"has-post-thumbnail","6":"product_cat-home","7":"product_cat-uncategorized","9":"first","10":"instock","11":"sale","12":"taxable","13":"shipping-taxable","14":"purchasable","15":"product-type-simple"},"acf":[],"_links":{"self":[{"href":"https:\/\/linoexpress.com\/ee\/wp-json\/wp\/v2\/product\/11722","targetHints":{"allow":["GET"]}}],"collection":[{"href":"https:\/\/linoexpress.com\/ee\/wp-json\/wp\/v2\/product"}],"about":[{"href":"https:\/\/linoexpress.com\/ee\/wp-json\/wp\/v2\/types\/product"}],"replies":[{"embeddable":true,"href":"https:\/\/linoexpress.com\/ee\/wp-json\/wp\/v2\/comments?post=11722"}],"wp:featuredmedia":[{"embeddable":true,"href":"https:\/\/linoexpress.com\/ee\/wp-json\/wp\/v2\/media\/11734"}],"wp:attachment":[{"href":"https:\/\/linoexpress.com\/ee\/wp-json\/wp\/v2\/media?parent=11722"}],"wp:term":[{"taxonomy":"product_brand","embeddable":true,"href":"https:\/\/linoexpress.com\/ee\/wp-json\/wp\/v2\/product_brand?post=11722"},{"taxonomy":"product_cat","embeddable":true,"href":"https:\/\/linoexpress.com\/ee\/wp-json\/wp\/v2\/product_cat?post=11722"},{"taxonomy":"product_tag","embeddable":true,"href":"https:\/\/linoexpress.com\/ee\/wp-json\/wp\/v2\/product_tag?post=11722"}],"curies":[{"name":"wp","href":"https:\/\/api.w.org\/{rel}","templated":true}]}}