{"id":11769,"date":"2025-06-25T19:30:10","date_gmt":"2025-06-25T17:30:10","guid":{"rendered":"https:\/\/linoexpress.com\/ee\/?post_type=product&#038;p=11769"},"modified":"2025-06-26T11:28:57","modified_gmt":"2025-06-26T09:28:57","slug":"luksuslik-garaaz-kollektsioneeritavatele-automudelitele","status":"publish","type":"product","link":"https:\/\/linoexpress.com\/ee\/proizvod\/luksuslik-garaaz-kollektsioneeritavatele-automudelitele\/","title":{"rendered":"Luksuslik garaa\u017e kollektsioneeritavatele automudelitele"},"content":{"rendered":"","protected":false},"excerpt":{"rendered":"<p data-start=\"5519\" data-end=\"5866\">See luksuslik mini-garaa\u017e on ideaalne lahendus teie kollektsiooniautode mudelite v\u00e4ljapanekuks. Stiilse LED-valgustuse ja modernse disainiga pakub see elegantselt ruumi \u00fchele mudelile. Saate tellida mitme garaa\u017ei, et luua suurem kollektsioon. Valmistatud k\u00f5rgekvaliteedilistest materjalidest, mis tagavad pikaealisuse ja kollektsiooni turvalisuse.<\/p>\n","protected":false},"featured_media":11775,"comment_status":"closed","ping_status":"closed","template":"","meta":{"inline_featured_image":false},"product_brand":[],"product_cat":[27,15],"product_tag":[],"class_list":{"0":"post-11769","1":"product","2":"type-product","3":"status-publish","4":"has-post-thumbnail","6":"product_cat-home","7":"product_cat-uncategorized","9":"first","10":"instock","11":"sale","12":"taxable","13":"shipping-taxable","14":"purchasable","15":"product-type-simple"},"acf":[],"_links":{"self":[{"href":"https:\/\/linoexpress.com\/ee\/wp-json\/wp\/v2\/product\/11769","targetHints":{"allow":["GET"]}}],"collection":[{"href":"https:\/\/linoexpress.com\/ee\/wp-json\/wp\/v2\/product"}],"about":[{"href":"https:\/\/linoexpress.com\/ee\/wp-json\/wp\/v2\/types\/product"}],"replies":[{"embeddable":true,"href":"https:\/\/linoexpress.com\/ee\/wp-json\/wp\/v2\/comments?post=11769"}],"wp:featuredmedia":[{"embeddable":true,"href":"https:\/\/linoexpress.com\/ee\/wp-json\/wp\/v2\/media\/11775"}],"wp:attachment":[{"href":"https:\/\/linoexpress.com\/ee\/wp-json\/wp\/v2\/media?parent=11769"}],"wp:term":[{"taxonomy":"product_brand","embeddable":true,"href":"https:\/\/linoexpress.com\/ee\/wp-json\/wp\/v2\/product_brand?post=11769"},{"taxonomy":"product_cat","embeddable":true,"href":"https:\/\/linoexpress.com\/ee\/wp-json\/wp\/v2\/product_cat?post=11769"},{"taxonomy":"product_tag","embeddable":true,"href":"https:\/\/linoexpress.com\/ee\/wp-json\/wp\/v2\/product_tag?post=11769"}],"curies":[{"name":"wp","href":"https:\/\/api.w.org\/{rel}","templated":true}]}}